{"id":93,"date":"2017-05-12T20:00:06","date_gmt":"2017-05-12T18:00:06","guid":{"rendered":"http:\/\/test1.yoata.com\/?page_id=93"},"modified":"2023-02-05T12:54:12","modified_gmt":"2023-02-05T11:54:12","slug":"kavala","status":"publish","type":"page","link":"https:\/\/test1.yoata.com\/index.php\/les-villes\/kavala\/","title":{"rendered":"Kav\u00e1la"},"content":{"rendered":"<p>\u00a0<\/p>\n<p><code>\t\t<div class=\"wpfc-calendar-wrapper\"><form class=\"wpfc-calendar\" id=\"wpfc-calendar-65983\"><\/form><div class=\"wpfc-loading\"><\/div><\/div>\r\n\t\t<div class=\"wpfc-calendar-search\" style=\"display:none;\">\r\n\t\t\t\t\t<\/div>\r\n\t\t<script type=\"text\/javascript\">\r\n\t\t\tWPFC.data = {\r\n\t\t\t\taction : 'WP_FullCalendar',\r\n\t\t\t\t'type' : 'event','0' : '','class' : 'row-title','1' : 'href=&quot;http:\/\/test1.yoata.com\/wp-admin\/term.php?taxonomy=event-categories&amp;tag_ID=8&amp;post_type=event&amp;wp_http_referer=%2Fwp-admin%2Fedit-tags.php%3Ftaxonomy%3Devent-categories%26post_type%3Devent&quot;&gt;Sceaux&lt;\/a&gt;&lt;\/strong&gt;,category&quot;','month' : 3,'year' : 2026,\t\t\t };\r\n\t\t\tWPFC.month = 3;\r\n\t\t\tWPFC.year = 2026;\r\n\t\t<\/script>\r\n\t\t<\/code><\/p>\n<p>Kav\u00e1la (en grec moderne : \u039a\u03b1\u03b2\u03ac\u03bb\u03b1, Kav\u00e1la), parfois aussi orthographi\u00e9e Kavalla (le nom ayant \u00e9t\u00e9 modifi\u00e9 en 1940 avec la disparition d&rsquo;un des deux \u03bb originels2), ville de Gr\u00e8ce, ancienne N\u00e9apolis (en grec ancien : \u039d\u03b5\u03ac\u03c0\u03bf\u03bb\u03b9\u03c2, la \u00ab Ville neuve \u00bb), Christo\u00fapolis (en grec ancien : \u03a7\u03c1\u03b9\u03c3\u03c4\u03bf\u03cd\u03c0\u03bf\u03bb\u03b9\u03c2 \/ Christo\u00fapolis, la \u00ab Ville du Christ \u00bb), chef-lieu de district r\u00e9gional.<\/p>\n<p>\u00a0<\/p>\n\n\n<p><\/p>\n\n\n\n<figure class=\"wp-block-image size-full\"><img decoding=\"async\" loading=\"lazy\" width=\"400\" height=\"363\" src=\"http:\/\/test1.yoata.com\/wp-content\/uploads\/2023\/02\/400px-Kallikratis_dioikisi.png\" alt=\"\" class=\"wp-image-222\" srcset=\"https:\/\/test1.yoata.com\/wp-content\/uploads\/2023\/02\/400px-Kallikratis_dioikisi.png 400w, https:\/\/test1.yoata.com\/wp-content\/uploads\/2023\/02\/400px-Kallikratis_dioikisi-300x272.png 300w\" sizes=\"(max-width: 400px) 100vw, 400px\" \/><\/figure>\n","protected":false},"excerpt":{"rendered":"<p>\u00a0 Kav\u00e1la (en grec moderne : \u039a\u03b1\u03b2\u03ac\u03bb\u03b1, Kav\u00e1la), parfois aussi orthographi\u00e9e Kavalla (le nom ayant \u00e9t\u00e9 modifi\u00e9 en 1940 avec la disparition d&rsquo;un des deux \u03bb originels2), ville de Gr\u00e8ce, ancienne N\u00e9apolis (en grec ancien : \u039d\u03b5\u03ac\u03c0\u03bf\u03bb\u03b9\u03c2, la \u00ab Ville neuve \u00bb), Christo\u00fapolis (en grec ancien : \u03a7\u03c1\u03b9\u03c3\u03c4\u03bf\u03cd\u03c0\u03bf\u03bb\u03b9\u03c2 \/ Christo\u00fapolis, la \u00ab Ville du Christ &hellip; <a href=\"https:\/\/test1.yoata.com\/index.php\/les-villes\/kavala\/\" class=\"more-link\">Continuer la lecture de <span class=\"screen-reader-text\">Kav\u00e1la<\/span><\/a><\/p>\n","protected":false},"author":1,"featured_media":0,"parent":77,"menu_order":3,"comment_status":"closed","ping_status":"closed","template":"","meta":[],"_links":{"self":[{"href":"https:\/\/test1.yoata.com\/index.php\/wp-json\/wp\/v2\/pages\/93"}],"collection":[{"href":"https:\/\/test1.yoata.com\/index.php\/wp-json\/wp\/v2\/pages"}],"about":[{"href":"https:\/\/test1.yoata.com\/index.php\/wp-json\/wp\/v2\/types\/page"}],"author":[{"embeddable":true,"href":"https:\/\/test1.yoata.com\/index.php\/wp-json\/wp\/v2\/users\/1"}],"replies":[{"embeddable":true,"href":"https:\/\/test1.yoata.com\/index.php\/wp-json\/wp\/v2\/comments?post=93"}],"version-history":[{"count":6,"href":"https:\/\/test1.yoata.com\/index.php\/wp-json\/wp\/v2\/pages\/93\/revisions"}],"predecessor-version":[{"id":234,"href":"https:\/\/test1.yoata.com\/index.php\/wp-json\/wp\/v2\/pages\/93\/revisions\/234"}],"up":[{"embeddable":true,"href":"https:\/\/test1.yoata.com\/index.php\/wp-json\/wp\/v2\/pages\/77"}],"wp:attachment":[{"href":"https:\/\/test1.yoata.com\/index.php\/wp-json\/wp\/v2\/media?parent=93"}],"curies":[{"name":"wp","href":"https:\/\/api.w.org\/{rel}","templated":true}]}}