{"id":90,"date":"2017-05-12T19:59:13","date_gmt":"2017-05-12T17:59:13","guid":{"rendered":"http:\/\/test1.yoata.com\/?page_id=90"},"modified":"2023-02-05T12:55:31","modified_gmt":"2023-02-05T11:55:31","slug":"eleftheroupoli","status":"publish","type":"page","link":"https:\/\/test1.yoata.com\/index.php\/les-villes\/eleftheroupoli\/","title":{"rendered":"<strong>Elefthero\u00fapoli<\/strong>"},"content":{"rendered":"<p><code>\t\t<div class=\"wpfc-calendar-wrapper\"><form class=\"wpfc-calendar\" id=\"wpfc-calendar-17192\"><\/form><div class=\"wpfc-loading\"><\/div><\/div>\r\n\t\t<div class=\"wpfc-calendar-search\" style=\"display:none;\">\r\n\t\t\t\t\t<\/div>\r\n\t\t<script type=\"text\/javascript\">\r\n\t\t\tWPFC.data = {\r\n\t\t\t\taction : 'WP_FullCalendar',\r\n\t\t\t\t'type' : 'Elefthero\u00fapoli,category','month' : 3,'year' : 2026,\t\t\t };\r\n\t\t\tWPFC.month = 3;\r\n\t\t\tWPFC.year = 2026;\r\n\t\t<\/script>\r\n\t\t<\/code><br>Elefthero\u00fapoli (en grec moderne : \u0395\u03bb\u03b5\u03c5\u03b8\u03b5\u03c1\u03bf\u03cd\u03c0\u03bf\u03bb\u03b7, en grec ancien : &lsquo;\u0395\u03bb\u03b5\u03c5\u03b8\u03b5\u03c1\u03bf\u03cd\u03c0\u03bf\u03bb\u03b9\u03c2) est une ville grecque de 4 898 habitants situ\u00e9e dans le district r\u00e9gional de Kav\u00e1la \u00e0 l&rsquo;ouest de la capitale \u00e9ponyme.<\/p>\n\n\n<figure class=\"wp-block-image size-full\"><img decoding=\"async\" loading=\"lazy\" width=\"280\" height=\"230\" src=\"http:\/\/test1.yoata.com\/wp-content\/uploads\/2023\/02\/280px-Greece_relief_location_map-1.webp\" alt=\"\" class=\"wp-image-224\"\/><\/figure>\n","protected":false},"excerpt":{"rendered":"<p>Elefthero\u00fapoli (en grec moderne : \u0395\u03bb\u03b5\u03c5\u03b8\u03b5\u03c1\u03bf\u03cd\u03c0\u03bf\u03bb\u03b7, en grec ancien : &lsquo;\u0395\u03bb\u03b5\u03c5\u03b8\u03b5\u03c1\u03bf\u03cd\u03c0\u03bf\u03bb\u03b9\u03c2) est une ville grecque de 4 898 habitants situ\u00e9e dans le district r\u00e9gional de Kav\u00e1la \u00e0 l&rsquo;ouest de la capitale \u00e9ponyme.<\/p>\n","protected":false},"author":1,"featured_media":0,"parent":77,"menu_order":9,"comment_status":"closed","ping_status":"closed","template":"","meta":[],"_links":{"self":[{"href":"https:\/\/test1.yoata.com\/index.php\/wp-json\/wp\/v2\/pages\/90"}],"collection":[{"href":"https:\/\/test1.yoata.com\/index.php\/wp-json\/wp\/v2\/pages"}],"about":[{"href":"https:\/\/test1.yoata.com\/index.php\/wp-json\/wp\/v2\/types\/page"}],"author":[{"embeddable":true,"href":"https:\/\/test1.yoata.com\/index.php\/wp-json\/wp\/v2\/users\/1"}],"replies":[{"embeddable":true,"href":"https:\/\/test1.yoata.com\/index.php\/wp-json\/wp\/v2\/comments?post=90"}],"version-history":[{"count":10,"href":"https:\/\/test1.yoata.com\/index.php\/wp-json\/wp\/v2\/pages\/90\/revisions"}],"predecessor-version":[{"id":245,"href":"https:\/\/test1.yoata.com\/index.php\/wp-json\/wp\/v2\/pages\/90\/revisions\/245"}],"up":[{"embeddable":true,"href":"https:\/\/test1.yoata.com\/index.php\/wp-json\/wp\/v2\/pages\/77"}],"wp:attachment":[{"href":"https:\/\/test1.yoata.com\/index.php\/wp-json\/wp\/v2\/media?parent=90"}],"curies":[{"name":"wp","href":"https:\/\/api.w.org\/{rel}","templated":true}]}}