{"id":594,"date":"2023-02-06T11:51:47","date_gmt":"2023-02-06T10:51:47","guid":{"rendered":"http:\/\/test1.yoata.com\/?page_id=594"},"modified":"2023-02-11T19:28:41","modified_gmt":"2023-02-11T18:28:41","slug":"rigas-efstathiadis","status":"publish","type":"page","link":"https:\/\/test1.yoata.com\/index.php\/rigas-efstathiadis\/","title":{"rendered":"saut \u00e0 la perche R\u00edgas Efstathi\u00e1dis"},"content":{"rendered":"\n<p><strong>R\u00edgas Efstathi\u00e1dis<\/strong> (en <a href=\"https:\/\/fr.wikipedia.org\/wiki\/Grec\">grec<\/a>&nbsp;: \u03a1\u03ae\u03b3\u03b1\u03c2 \u0395\u03c5\u03c3\u03c4\u03b1\u03b8\u03b9\u03ac\u03b4\u03b7\u03c2), (n\u00e9 le 29 novembre 1931 \u00e0 <a href=\"https:\/\/fr.wikipedia.org\/wiki\/Ath%C3%A8nes\">Ath\u00e8nes<\/a> et d\u00e9c\u00e9d\u00e9 le 18 septembre 2017 dans la m\u00eame ville)<sup><a href=\"https:\/\/fr.wikipedia.org\/wiki\/R%C3%ADgas_Efstathi%C3%A1dis#cite_note-1\">1<\/a><\/sup> est un <a href=\"https:\/\/fr.wikipedia.org\/wiki\/Athl%C3%A9tisme\">athl\u00e8te<\/a> <a href=\"https:\/\/fr.wikipedia.org\/wiki\/Gr%C3%A8ce\">grec<\/a>, sp\u00e9cialiste du <a href=\"https:\/\/fr.wikipedia.org\/wiki\/Saut_%C3%A0_la_perche\">saut \u00e0 la perche<\/a>.<\/p>\n\n\n\n<figure class=\"wp-block-image size-full\"><img decoding=\"async\" loading=\"lazy\" width=\"160\" height=\"207\" src=\"http:\/\/test1.yoata.com\/wp-content\/uploads\/2023\/02\/Rigas_Efstathiadis.jpg\" alt=\"\" class=\"wp-image-600\"\/><\/figure>\n\n\n\n<h2>Biographie<\/h2>\n\n\n\n<p>Il remporte deux m\u00e9dailles dont un titre lors des <a href=\"https:\/\/fr.wikipedia.org\/wiki\/Athl%C3%A9tisme_aux_Jeux_m%C3%A9diterran%C3%A9ens\">Jeux m\u00e9diterran\u00e9ens<\/a>. Il participe \u00e9galement aux <a href=\"https:\/\/fr.wikipedia.org\/wiki\/Jeux_olympiques_d%27%C3%A9t%C3%A9_de_1952\">Jeux olympiques d&rsquo;Helsinki<\/a> o\u00f9 il termine 14<sup>e<\/sup> de l&rsquo;\u00e9preuve du <a href=\"https:\/\/fr.wikipedia.org\/wiki\/Saut_%C3%A0_la_perche_masculin_aux_Jeux_olympiques_d%27%C3%A9t%C3%A9_de_1952\">saut \u00e0 la perche<\/a>.<\/p>\n\n\n\n<h2>Palmar\u00e8s<\/h2>\n\n\n\n<figure class=\"wp-block-table\"><table><tbody><tr><th scope=\"col\">Date<\/th><th scope=\"col\">Comp\u00e9tition<\/th><th scope=\"col\">Lieu<\/th><th scope=\"col\">R\u00e9sultat<\/th><th scope=\"col\">\u00c9preuve<\/th><th scope=\"col\">Marque<\/th><\/tr><tr><td>1950<\/td><td><a href=\"https:\/\/fr.wikipedia.org\/wiki\/Championnats_d%27Europe_d%27athl%C3%A9tisme_1950\">Championnats d&rsquo;Europe<\/a><\/td><td><a href=\"https:\/\/commons.wikimedia.org\/wiki\/File:Flag_of_Belgium_(civil).svg?uselang=fr\"><\/a> <a href=\"https:\/\/fr.wikipedia.org\/wiki\/Bruxelles\">Bruxelles<\/a><\/td><td>13<sup>e<\/sup><\/td><td>Saut \u00e0 la perche<\/td><td>3,80&nbsp;m<\/td><\/tr><tr><td>1951<\/td><td><a href=\"https:\/\/fr.wikipedia.org\/wiki\/Athl%C3%A9tisme_aux_Jeux_m%C3%A9diterran%C3%A9ens_de_1951\">Jeux m\u00e9diterran\u00e9ens<\/a><\/td><td><a href=\"https:\/\/commons.wikimedia.org\/wiki\/File:Flag_of_Egypt_(1922%E2%80%931953).svg?uselang=fr\"><\/a> <a href=\"https:\/\/fr.wikipedia.org\/wiki\/Alexandrie\">Alexandrie<\/a><\/td><td>2<sup>e<\/sup><\/td><td>Saut \u00e0 la perche<\/td><td>4,00&nbsp;m<\/td><\/tr><tr><td>1952<\/td><td><a href=\"https:\/\/fr.wikipedia.org\/wiki\/Athl%C3%A9tisme_aux_Jeux_olympiques_d%27%C3%A9t%C3%A9_de_1952\">Jeux olympiques<\/a><\/td><td><a href=\"https:\/\/commons.wikimedia.org\/wiki\/File:Flag_of_Finland.svg?uselang=fr\"><\/a> <a href=\"https:\/\/fr.wikipedia.org\/wiki\/Helsinki\">Helsinki<\/a><\/td><td>14<sup>e<\/sup><\/td><td>Saut \u00e0 la perche<\/td><td>3,95&nbsp;m<\/td><\/tr><tr><td>1958<\/td><td><a href=\"https:\/\/fr.wikipedia.org\/wiki\/Championnats_d%27Europe_d%27athl%C3%A9tisme_1958\">Championnats d&rsquo;Europe<\/a><\/td><td><a href=\"https:\/\/commons.wikimedia.org\/wiki\/File:Flag_of_Sweden.svg?uselang=fr\"><\/a> <a href=\"https:\/\/fr.wikipedia.org\/wiki\/Stockholm\">Stockholm<\/a><\/td><td>19<sup>e<\/sup><\/td><td>Saut \u00e0 la perche<\/td><td>4,00&nbsp;m<\/td><\/tr><tr><td>1959<\/td><td><a href=\"https:\/\/fr.wikipedia.org\/wiki\/Athl%C3%A9tisme_aux_Jeux_m%C3%A9diterran%C3%A9ens_de_1959\">Jeux m\u00e9diterran\u00e9ens<\/a><\/td><td><a href=\"https:\/\/commons.wikimedia.org\/wiki\/File:Flag_of_Lebanon.svg?uselang=fr\"><\/a> <a href=\"https:\/\/fr.wikipedia.org\/wiki\/Beyrouth\">Beyrouth<\/a><\/td><td>1<sup>er<\/sup><\/td><td>Saut \u00e0 la perche<\/td><td>4,10&nbsp;m<\/td><\/tr><\/tbody><\/table><\/figure>\n\n\n\n<h2><\/h2>\n","protected":false},"excerpt":{"rendered":"<p>R\u00edgas Efstathi\u00e1dis (en grec&nbsp;: \u03a1\u03ae\u03b3\u03b1\u03c2 \u0395\u03c5\u03c3\u03c4\u03b1\u03b8\u03b9\u03ac\u03b4\u03b7\u03c2), (n\u00e9 le 29 novembre 1931 \u00e0 Ath\u00e8nes et d\u00e9c\u00e9d\u00e9 le 18 septembre 2017 dans la m\u00eame ville)1 est un athl\u00e8te grec, sp\u00e9cialiste du saut \u00e0 la perche. Biographie Il remporte deux m\u00e9dailles dont un titre lors des Jeux m\u00e9diterran\u00e9ens. Il participe \u00e9galement aux Jeux olympiques d&rsquo;Helsinki o\u00f9 il termine &hellip; <a href=\"https:\/\/test1.yoata.com\/index.php\/rigas-efstathiadis\/\" class=\"more-link\">Continuer la lecture de <span class=\"screen-reader-text\">saut \u00e0 la perche R\u00edgas Efstathi\u00e1dis<\/span><\/a><\/p>\n","protected":false},"author":1,"featured_media":0,"parent":0,"menu_order":0,"comment_status":"closed","ping_status":"closed","template":"","meta":[],"_links":{"self":[{"href":"https:\/\/test1.yoata.com\/index.php\/wp-json\/wp\/v2\/pages\/594"}],"collection":[{"href":"https:\/\/test1.yoata.com\/index.php\/wp-json\/wp\/v2\/pages"}],"about":[{"href":"https:\/\/test1.yoata.com\/index.php\/wp-json\/wp\/v2\/types\/page"}],"author":[{"embeddable":true,"href":"https:\/\/test1.yoata.com\/index.php\/wp-json\/wp\/v2\/users\/1"}],"replies":[{"embeddable":true,"href":"https:\/\/test1.yoata.com\/index.php\/wp-json\/wp\/v2\/comments?post=594"}],"version-history":[{"count":4,"href":"https:\/\/test1.yoata.com\/index.php\/wp-json\/wp\/v2\/pages\/594\/revisions"}],"predecessor-version":[{"id":635,"href":"https:\/\/test1.yoata.com\/index.php\/wp-json\/wp\/v2\/pages\/594\/revisions\/635"}],"wp:attachment":[{"href":"https:\/\/test1.yoata.com\/index.php\/wp-json\/wp\/v2\/media?parent=594"}],"curies":[{"name":"wp","href":"https:\/\/api.w.org\/{rel}","templated":true}]}}