{"id":572,"date":"2023-02-06T11:48:13","date_gmt":"2023-02-06T10:48:13","guid":{"rendered":"http:\/\/test1.yoata.com\/?page_id=572"},"modified":"2023-02-11T19:26:19","modified_gmt":"2023-02-11T18:26:19","slug":"georgios-saridakis","status":"publish","type":"page","link":"https:\/\/test1.yoata.com\/index.php\/georgios-saridakis\/","title":{"rendered":"Coureur 3 000 m\u00e8tres Ge\u00f3rgios Sarid\u00e1kis"},"content":{"rendered":"\n<p><strong>Ge\u00f3rgios Sarid\u00e1kis<\/strong> (en <a href=\"https:\/\/fr.wikipedia.org\/wiki\/Grec_moderne\">grec moderne<\/a>&nbsp;: \u0393\u03b5\u03ce\u03c1\u03b3\u03b9\u03bf\u03c2 \u03a3\u03b1\u03c1\u03b9\u03b4\u03ac\u03ba\u03b7\u03c2), n\u00e9 en 1885 et mort \u00e0 une date inconnue, est un <a href=\"https:\/\/fr.wikipedia.org\/wiki\/Athl%C3%A9tisme\">athl\u00e8te<\/a> <a href=\"https:\/\/fr.wikipedia.org\/wiki\/Gr%C3%A8ce\">grec<\/a>. Il participe principalement \u00e0 la course de 3&nbsp;000&nbsp;m\u00e8tres.<\/p>\n\n\n\n<h2>Biographie<\/h2>\n\n\n\n<p>Il concourt pour la Gr\u00e8ce lors des <a href=\"https:\/\/fr.wikipedia.org\/wiki\/Athl%C3%A9tisme_aux_Jeux_olympiques_intercalaires_de_1906\">Jeux olympiques intercalaires de 1906<\/a> \u00e0 <a href=\"https:\/\/fr.wikipedia.org\/wiki\/Ath%C3%A8nes\">Ath\u00e8nes<\/a> en Gr\u00e8ce, lors de la course de 3&nbsp;000&nbsp;m\u00e8tres o\u00f9 il remporte la m\u00e9daille de bronze.<\/p>\n","protected":false},"excerpt":{"rendered":"<p>Ge\u00f3rgios Sarid\u00e1kis (en grec moderne&nbsp;: \u0393\u03b5\u03ce\u03c1\u03b3\u03b9\u03bf\u03c2 \u03a3\u03b1\u03c1\u03b9\u03b4\u03ac\u03ba\u03b7\u03c2), n\u00e9 en 1885 et mort \u00e0 une date inconnue, est un athl\u00e8te grec. Il participe principalement \u00e0 la course de 3&nbsp;000&nbsp;m\u00e8tres. Biographie Il concourt pour la Gr\u00e8ce lors des Jeux olympiques intercalaires de 1906 \u00e0 Ath\u00e8nes en Gr\u00e8ce, lors de la course de 3&nbsp;000&nbsp;m\u00e8tres o\u00f9 il remporte la &hellip; <a href=\"https:\/\/test1.yoata.com\/index.php\/georgios-saridakis\/\" class=\"more-link\">Continuer la lecture de <span class=\"screen-reader-text\">Coureur 3 000 m\u00e8tres Ge\u00f3rgios Sarid\u00e1kis<\/span><\/a><\/p>\n","protected":false},"author":1,"featured_media":0,"parent":0,"menu_order":0,"comment_status":"closed","ping_status":"closed","template":"","meta":[],"_links":{"self":[{"href":"https:\/\/test1.yoata.com\/index.php\/wp-json\/wp\/v2\/pages\/572"}],"collection":[{"href":"https:\/\/test1.yoata.com\/index.php\/wp-json\/wp\/v2\/pages"}],"about":[{"href":"https:\/\/test1.yoata.com\/index.php\/wp-json\/wp\/v2\/types\/page"}],"author":[{"embeddable":true,"href":"https:\/\/test1.yoata.com\/index.php\/wp-json\/wp\/v2\/users\/1"}],"replies":[{"embeddable":true,"href":"https:\/\/test1.yoata.com\/index.php\/wp-json\/wp\/v2\/comments?post=572"}],"version-history":[{"count":4,"href":"https:\/\/test1.yoata.com\/index.php\/wp-json\/wp\/v2\/pages\/572\/revisions"}],"predecessor-version":[{"id":632,"href":"https:\/\/test1.yoata.com\/index.php\/wp-json\/wp\/v2\/pages\/572\/revisions\/632"}],"wp:attachment":[{"href":"https:\/\/test1.yoata.com\/index.php\/wp-json\/wp\/v2\/media?parent=572"}],"curies":[{"name":"wp","href":"https:\/\/api.w.org\/{rel}","templated":true}]}}