{"id":525,"date":"2023-02-06T11:33:12","date_gmt":"2023-02-06T10:33:12","guid":{"rendered":"http:\/\/test1.yoata.com\/?page_id=525"},"modified":"2023-02-11T19:25:33","modified_gmt":"2023-02-11T18:25:33","slug":"alexandros-papadimitriou","status":"publish","type":"page","link":"https:\/\/test1.yoata.com\/index.php\/alexandros-papadimitriou\/","title":{"rendered":"lanceur du marteau Al\u00e9xandros Papadimitr\u00edou"},"content":{"rendered":"\n<p><strong>Al\u00e9xandros Papadimitr\u00edou<\/strong> (<a href=\"https:\/\/fr.wikipedia.org\/wiki\/Grec_moderne\">grec moderne<\/a>&nbsp;: \u0391\u03bb\u03ad\u03be\u03b1\u03bd\u03b4\u03c1\u03bf\u03c2 \u03a0\u03b1\u03c0\u03b1\u03b4\u03b7\u03bc\u03b7\u03c4\u03c1\u03af\u03bf\u03c5, n\u00e9 le <a href=\"https:\/\/fr.wikipedia.org\/wiki\/18_juin\">18<\/a> <a href=\"https:\/\/fr.wikipedia.org\/wiki\/Juin_1973\">juin<\/a> <a href=\"https:\/\/fr.wikipedia.org\/wiki\/1973\">1973<\/a> \u00e0 <a href=\"https:\/\/fr.wikipedia.org\/wiki\/Larissa_(Thessalie)\">Larissa<\/a>) est un athl\u00e8te grec, sp\u00e9cialiste du <a href=\"https:\/\/fr.wikipedia.org\/wiki\/Lancer_du_marteau\">lancer du marteau<\/a>.<\/p>\n\n\n\n<p>Sa meilleure performance est de 80,45 m en juillet 2000 \u00e0 <a href=\"https:\/\/fr.wikipedia.org\/wiki\/Ath%C3%A8nes\">Ath\u00e8nes<\/a>, actuellement record de <a href=\"https:\/\/fr.wikipedia.org\/wiki\/Gr%C3%A8ce\">Gr\u00e8ce<\/a>.<\/p>\n\n\n\n<p><\/p>\n\n\n\n<h2>Palmar\u00e8s<\/h2>\n\n\n\n<figure class=\"wp-block-table\"><table><tbody><tr><th scope=\"col\">Date<\/th><th scope=\"col\">Comp\u00e9tition<\/th><th scope=\"col\">Lieu<\/th><th scope=\"col\">R\u00e9sultat<\/th><\/tr><tr><td>1992<\/td><td><a href=\"https:\/\/fr.wikipedia.org\/wiki\/Championnats_du_monde_junior_d%27athl%C3%A9tisme_1992\">Championnats du monde juniors<\/a><\/td><td><a href=\"https:\/\/fr.wikipedia.org\/wiki\/S%C3%A9oul\">S\u00e9oul<\/a><\/td><td>6<sup>e<\/sup><\/td><\/tr><tr><td>2000<\/td><td><a href=\"https:\/\/fr.wikipedia.org\/wiki\/Athl%C3%A9tisme_aux_Jeux_olympiques_de_2000\">Jeux olympiques<\/a><\/td><td><a href=\"https:\/\/fr.wikipedia.org\/wiki\/Sydney\">Sydney<\/a><\/td><td>12<sup>e<\/sup><\/td><\/tr><tr><td>2001<\/td><td><a href=\"https:\/\/fr.wikipedia.org\/wiki\/Jeux_m%C3%A9diterran%C3%A9ens_2001\">Jeux m\u00e9diterran\u00e9ens<\/a><\/td><td><a href=\"https:\/\/fr.wikipedia.org\/wiki\/Rad%C3%A8s\">Rad\u00e8s<\/a>, <a href=\"https:\/\/fr.wikipedia.org\/wiki\/Tunisie\">Tunisie<\/a><\/td><td>2<sup>e<\/sup><\/td><\/tr><tr><td>2002<\/td><td><a href=\"https:\/\/fr.wikipedia.org\/wiki\/Championnats_d%27Europe_d%27athl%C3%A9tisme_2002\">Championnats d&rsquo;Europe<\/a><\/td><td><a href=\"https:\/\/fr.wikipedia.org\/wiki\/Munich\">Munich<\/a><\/td><td>3<sup>e<\/sup><\/td><\/tr><tr><td>2003<\/td><td><a href=\"https:\/\/fr.wikipedia.org\/wiki\/Championnats_du_monde_d%27athl%C3%A9tisme_2003\">Championnats du monde<\/a><\/td><td><a href=\"https:\/\/fr.wikipedia.org\/wiki\/Paris\">Paris<\/a>, <a href=\"https:\/\/fr.wikipedia.org\/wiki\/France\">France<\/a><\/td><td>8<sup>e<\/sup><\/td><\/tr><tr><td>2005<\/td><td><a href=\"https:\/\/fr.wikipedia.org\/wiki\/Jeux_m%C3%A9diterran%C3%A9ens_2005\">Jeux m\u00e9diterran\u00e9ens<\/a><\/td><td><a href=\"https:\/\/fr.wikipedia.org\/wiki\/Almer%C3%ADa\">Almer\u00eda<\/a><\/td><td>2<sup>e<\/sup><\/td><\/tr><tr><td>2006<\/td><td><a href=\"https:\/\/fr.wikipedia.org\/wiki\/Coupe_du_monde_des_nations_d%27athl%C3%A9tisme_2006\">Coupe du monde<\/a><\/td><td><a href=\"https:\/\/fr.wikipedia.org\/wiki\/Ath%C3%A8nes\">Ath\u00e8nes<\/a><\/td><td>5<sup>e<\/sup><\/td><\/tr><tr><td>2009<\/td><td><a href=\"https:\/\/fr.wikipedia.org\/wiki\/Athl%C3%A9tisme_aux_Jeux_m%C3%A9diterran%C3%A9ens_de_2009\">Jeux m\u00e9diterran\u00e9ens<\/a><\/td><td><a href=\"https:\/\/fr.wikipedia.org\/wiki\/Pescara\">Pescara<\/a><\/td><td>3<sup>e<\/sup><\/td><\/tr><\/tbody><\/table><\/figure>\n\n\n\n<h2><\/h2>\n","protected":false},"excerpt":{"rendered":"<p>Al\u00e9xandros Papadimitr\u00edou (grec moderne&nbsp;: \u0391\u03bb\u03ad\u03be\u03b1\u03bd\u03b4\u03c1\u03bf\u03c2 \u03a0\u03b1\u03c0\u03b1\u03b4\u03b7\u03bc\u03b7\u03c4\u03c1\u03af\u03bf\u03c5, n\u00e9 le 18 juin 1973 \u00e0 Larissa) est un athl\u00e8te grec, sp\u00e9cialiste du lancer du marteau. Sa meilleure performance est de 80,45 m en juillet 2000 \u00e0 Ath\u00e8nes, actuellement record de Gr\u00e8ce. Palmar\u00e8s Date Comp\u00e9tition Lieu R\u00e9sultat 1992 Championnats du monde juniors S\u00e9oul 6e 2000 Jeux olympiques Sydney 12e &hellip; <a href=\"https:\/\/test1.yoata.com\/index.php\/alexandros-papadimitriou\/\" class=\"more-link\">Continuer la lecture de <span class=\"screen-reader-text\">lanceur du marteau Al\u00e9xandros Papadimitr\u00edou<\/span><\/a><\/p>\n","protected":false},"author":1,"featured_media":0,"parent":0,"menu_order":0,"comment_status":"closed","ping_status":"closed","template":"","meta":[],"_links":{"self":[{"href":"https:\/\/test1.yoata.com\/index.php\/wp-json\/wp\/v2\/pages\/525"}],"collection":[{"href":"https:\/\/test1.yoata.com\/index.php\/wp-json\/wp\/v2\/pages"}],"about":[{"href":"https:\/\/test1.yoata.com\/index.php\/wp-json\/wp\/v2\/types\/page"}],"author":[{"embeddable":true,"href":"https:\/\/test1.yoata.com\/index.php\/wp-json\/wp\/v2\/users\/1"}],"replies":[{"embeddable":true,"href":"https:\/\/test1.yoata.com\/index.php\/wp-json\/wp\/v2\/comments?post=525"}],"version-history":[{"count":5,"href":"https:\/\/test1.yoata.com\/index.php\/wp-json\/wp\/v2\/pages\/525\/revisions"}],"predecessor-version":[{"id":631,"href":"https:\/\/test1.yoata.com\/index.php\/wp-json\/wp\/v2\/pages\/525\/revisions\/631"}],"wp:attachment":[{"href":"https:\/\/test1.yoata.com\/index.php\/wp-json\/wp\/v2\/media?parent=525"}],"curies":[{"name":"wp","href":"https:\/\/api.w.org\/{rel}","templated":true}]}}