{"id":515,"date":"2023-02-06T11:30:54","date_gmt":"2023-02-06T10:30:54","guid":{"rendered":"http:\/\/test1.yoata.com\/?page_id=515"},"modified":"2023-02-11T19:36:48","modified_gmt":"2023-02-11T18:36:48","slug":"mihail-anastasakis","status":"publish","type":"page","link":"https:\/\/test1.yoata.com\/index.php\/mihail-anastasakis\/","title":{"rendered":"lancer de marteau Miha\u00edl Anastas\u00e1kis"},"content":{"rendered":"\n<p><strong>Miha\u00edl Anastas\u00e1kis<\/strong> (<a href=\"https:\/\/fr.wikipedia.org\/wiki\/Grec_moderne\">grec moderne<\/a>&nbsp;: \u039c\u03b9\u03c7\u03b1\u03ae\u03bb \u0391\u03bd\u03b1\u03c3\u03c4\u03b1\u03c3\u03ac\u03ba\u03b7\u03c2), n\u00e9 le <a href=\"https:\/\/fr.wikipedia.org\/wiki\/3_d%C3%A9cembre\">3<\/a> <a href=\"https:\/\/fr.wikipedia.org\/wiki\/D%C3%A9cembre_1994\">d\u00e9cembre<\/a> <a href=\"https:\/\/fr.wikipedia.org\/wiki\/1994\">1994<\/a>, est un athl\u00e8te <a href=\"https:\/\/fr.wikipedia.org\/wiki\/Gr%C3%A8ce\">grec<\/a>, sp\u00e9cialiste du <a href=\"https:\/\/fr.wikipedia.org\/wiki\/Lancer_de_marteau\">lancer de marteau<\/a>.<\/p>\n\n\n\n<figure class=\"wp-block-image size-full\"><img decoding=\"async\" loading=\"lazy\" width=\"260\" height=\"280\" src=\"http:\/\/test1.yoata.com\/wp-content\/uploads\/2023\/02\/08914_\u039c\u03b9\u03c7\u03ac\u03bb\u03b7\u03c2_\u0391\u03bd\u03b1\u03c3\u03c4\u03b1\u03c3\u03ac\u03ba\u03b7\u03c2.jpg\" alt=\"\" class=\"wp-image-521\"\/><\/figure>\n\n\n\n<h2>Carri\u00e8re<\/h2>\n\n\n\n<p>Il porte son record personnel \u00e0 77,08 m le 4 juin 2016 \u00e0 <a href=\"https:\/\/fr.wikipedia.org\/wiki\/Rad%C3%A8s\">Rad\u00e8s<\/a> pour remporter le titre des Jeux m\u00e9diterran\u00e9ens des moins de 23 ans, avant d&rsquo;\u00e9chouer au pied du podium lors des Championnats d&rsquo;Europe 2016 \u00e0 Amsterdam, avec un lancer \u00e0 75,89 m. En 2015, il avait termin\u00e9 deuxi\u00e8me de la Premi\u00e8re Ligue lors des <a href=\"https:\/\/fr.wikipedia.org\/wiki\/Championnats_d%27Europe_d%27athl%C3%A9tisme_par_%C3%A9quipes_2015\">Championnats d&rsquo;Europe par \u00e9quipes<\/a> en battant son record personnel.<\/p>\n\n\n\n<h2>Palmar\u00e8s<\/h2>\n\n\n\n<figure class=\"wp-block-table\"><table><tbody><tr><th scope=\"col\">Date<\/th><th scope=\"col\">Comp\u00e9tition<\/th><th scope=\"col\">Lieu<\/th><th scope=\"col\">R\u00e9sultat<\/th><th scope=\"col\">Marque<\/th><\/tr><tr><td>2015<\/td><td><a href=\"https:\/\/fr.wikipedia.org\/wiki\/Championnats_d%27Europe_d%27athl%C3%A9tisme_par_%C3%A9quipes_2015\">Championnats d&rsquo;Europe par \u00e9quipes<\/a><\/td><td><a href=\"https:\/\/fr.wikipedia.org\/wiki\/Heraklion\">Heraklion<\/a><\/td><td>2<sup>e<\/sup><\/td><td>72,55 m<\/td><\/tr><tr><td><a href=\"https:\/\/fr.wikipedia.org\/wiki\/Championnats_des_Balkans_d%27athl%C3%A9tisme_2015\">Championnats des Balkans<\/a><\/td><td><a href=\"https:\/\/fr.wikipedia.org\/wiki\/Pite%C8%99ti\">Pite\u0219ti<\/a><\/td><td>3<sup>e<\/sup><\/td><td>71,74 m<\/td><\/tr><tr><td>2016<\/td><td><a href=\"https:\/\/fr.wikipedia.org\/wiki\/Championnats_d%27Europe_d%27athl%C3%A9tisme_2016\">Championnats d&rsquo;Europe<\/a><\/td><td><a href=\"https:\/\/fr.wikipedia.org\/wiki\/Amsterdam\">Amsterdam<\/a><\/td><td>4<sup>e<\/sup><\/td><td>75,89 m<\/td><\/tr><tr><td>2017<\/td><td><a href=\"https:\/\/fr.wikipedia.org\/wiki\/Championnats_d%27Europe_d%27athl%C3%A9tisme_par_%C3%A9quipes_2017\">Championnats d&rsquo;Europe par \u00e9quipes<\/a><\/td><td><a href=\"https:\/\/fr.wikipedia.org\/wiki\/Lille\">Lille<\/a><\/td><td>8<sup>e<\/sup><\/td><td>67,68 m<\/td><\/tr><tr><td>2018<\/td><td><a href=\"https:\/\/fr.wikipedia.org\/wiki\/Championnats_des_Balkans_d%27athl%C3%A9tisme_2018\">Championnats des Balkans<\/a><\/td><td><a href=\"https:\/\/fr.wikipedia.org\/wiki\/Stara_Zagora\">Stara Zagora<\/a><\/td><td>2<sup>e<\/sup><\/td><td>74,93 m<\/td><\/tr><tr><td><a href=\"https:\/\/fr.wikipedia.org\/wiki\/Championnats_d%27Europe_d%27athl%C3%A9tisme_2018\">Championnats d&rsquo;Europe<\/a><\/td><td><a href=\"https:\/\/fr.wikipedia.org\/wiki\/Berlin\">Berlin<\/a><\/td><td>9<sup>e<\/sup><\/td><td>73,33 m<\/td><\/tr><tr><td>2019<\/td><td><a href=\"https:\/\/fr.wikipedia.org\/wiki\/Championnats_des_Balkans_d%27athl%C3%A9tisme_2019\">Championnats des Balkans<\/a><\/td><td><a href=\"https:\/\/fr.wikipedia.org\/wiki\/Pravetz\">Pravetz<\/a><\/td><td>2<sup>e<\/sup><\/td><td>75,32 m<\/td><\/tr><\/tbody><\/table><\/figure>\n\n\n\n<h2>Records<\/h2>\n\n\n\n<figure class=\"wp-block-table\"><table><tbody><tr><th scope=\"col\">\u00c9preuve<\/th><th scope=\"col\">Temps<\/th><th scope=\"col\">Lieu<\/th><th scope=\"col\">Date<\/th><\/tr><tr><td>Marteau<\/td><td>77,72 m<\/td><td><a href=\"https:\/\/commons.wikimedia.org\/wiki\/File:Flag_of_Greece.svg?uselang=fr\"><\/a> <a href=\"https:\/\/fr.wikipedia.org\/wiki\/Nik%C3%ADti\">Nik\u00edti<\/a><\/td><td><a href=\"https:\/\/fr.wikipedia.org\/wiki\/11_juin\">11<\/a> <a href=\"https:\/\/fr.wikipedia.org\/wiki\/Juin_2017\">juin<\/a> <a href=\"https:\/\/fr.wikipedia.org\/wiki\/2017\">2017<\/a><\/td><\/tr><\/tbody><\/table><\/figure>\n\n\n\n<h2><\/h2>\n","protected":false},"excerpt":{"rendered":"<p>Miha\u00edl Anastas\u00e1kis (grec moderne&nbsp;: \u039c\u03b9\u03c7\u03b1\u03ae\u03bb \u0391\u03bd\u03b1\u03c3\u03c4\u03b1\u03c3\u03ac\u03ba\u03b7\u03c2), n\u00e9 le 3 d\u00e9cembre 1994, est un athl\u00e8te grec, sp\u00e9cialiste du lancer de marteau. Carri\u00e8re Il porte son record personnel \u00e0 77,08 m le 4 juin 2016 \u00e0 Rad\u00e8s pour remporter le titre des Jeux m\u00e9diterran\u00e9ens des moins de 23 ans, avant d&rsquo;\u00e9chouer au pied du podium lors des &hellip; <a href=\"https:\/\/test1.yoata.com\/index.php\/mihail-anastasakis\/\" class=\"more-link\">Continuer la lecture de <span class=\"screen-reader-text\">lancer de marteau Miha\u00edl Anastas\u00e1kis<\/span><\/a><\/p>\n","protected":false},"author":1,"featured_media":0,"parent":0,"menu_order":0,"comment_status":"closed","ping_status":"closed","template":"","meta":[],"_links":{"self":[{"href":"https:\/\/test1.yoata.com\/index.php\/wp-json\/wp\/v2\/pages\/515"}],"collection":[{"href":"https:\/\/test1.yoata.com\/index.php\/wp-json\/wp\/v2\/pages"}],"about":[{"href":"https:\/\/test1.yoata.com\/index.php\/wp-json\/wp\/v2\/types\/page"}],"author":[{"embeddable":true,"href":"https:\/\/test1.yoata.com\/index.php\/wp-json\/wp\/v2\/users\/1"}],"replies":[{"embeddable":true,"href":"https:\/\/test1.yoata.com\/index.php\/wp-json\/wp\/v2\/comments?post=515"}],"version-history":[{"count":4,"href":"https:\/\/test1.yoata.com\/index.php\/wp-json\/wp\/v2\/pages\/515\/revisions"}],"predecessor-version":[{"id":639,"href":"https:\/\/test1.yoata.com\/index.php\/wp-json\/wp\/v2\/pages\/515\/revisions\/639"}],"wp:attachment":[{"href":"https:\/\/test1.yoata.com\/index.php\/wp-json\/wp\/v2\/media?parent=515"}],"curies":[{"name":"wp","href":"https:\/\/api.w.org\/{rel}","templated":true}]}}