{"id":502,"date":"2023-02-06T11:26:47","date_gmt":"2023-02-06T10:26:47","guid":{"rendered":"http:\/\/test1.yoata.com\/?page_id=502"},"modified":"2023-02-11T19:37:59","modified_gmt":"2023-02-11T18:37:59","slug":"aristidis-roubanis","status":"publish","type":"page","link":"https:\/\/test1.yoata.com\/index.php\/aristidis-roubanis\/","title":{"rendered":"lanceur de javelot Arist\u00eddis Roub\u00e1nis"},"content":{"rendered":"\n<p><strong>Arist\u00eddis Roub\u00e1nis<\/strong> (<a href=\"https:\/\/fr.wikipedia.org\/wiki\/Grec_moderne\">grec moderne<\/a>&nbsp;: \u0391\u03c1\u03b9\u03c3\u03c4\u03b5\u03af\u03b4\u03b7\u03c2 \u03a1\u03bf\u03c5\u03bc\u03c0\u03ac\u03bd\u03b7\u03c2), n\u00e9 le <a href=\"https:\/\/fr.wikipedia.org\/wiki\/9_mars\">9<\/a> <a href=\"https:\/\/fr.wikipedia.org\/wiki\/Mars_1932\">mars<\/a> <a href=\"https:\/\/fr.wikipedia.org\/wiki\/1932\">1932<\/a>, \u00e0 <a href=\"https:\/\/fr.wikipedia.org\/wiki\/Tripoli_(Gr%C3%A8ce)\">Tripoli<\/a>, en <a href=\"https:\/\/fr.wikipedia.org\/wiki\/Gr%C3%A8ce\">Gr\u00e8ce<\/a> et mort le <a href=\"https:\/\/fr.wikipedia.org\/wiki\/13_janvier\">13<\/a> <a href=\"https:\/\/fr.wikipedia.org\/wiki\/Janvier_2018\">janvier<\/a> <a href=\"https:\/\/fr.wikipedia.org\/wiki\/2018\">2018<\/a><sup><a href=\"https:\/\/fr.wikipedia.org\/wiki\/Arist%C3%ADdis_Roub%C3%A1nis#cite_note-1\">1<\/a><\/sup>, est un ancien joueur <a href=\"https:\/\/fr.wikipedia.org\/wiki\/Gr%C3%A8ce\">grec<\/a> de <a href=\"https:\/\/fr.wikipedia.org\/wiki\/Basket-ball\">basket-ball<\/a> et lanceur de javelot.<\/p>\n\n\n\n<p><\/p>\n\n\n\n<h2>Palmar\u00e8s<\/h2>\n\n\n\n<ul>\n<li><img decoding=\"async\" loading=\"lazy\" alt=\"M\u00e9daille de bronze, Europe\" src=\"https:\/\/upload.wikimedia.org\/wikipedia\/commons\/thumb\/e\/e9\/Bronze_medal_europe.svg\/16px-Bronze_medal_europe.svg.png\" srcset=\"\/\/upload.wikimedia.org\/wikipedia\/commons\/thumb\/e\/e9\/Bronze_medal_europe.svg\/24px-Bronze_medal_europe.svg.png 1.5x, \/\/upload.wikimedia.org\/wikipedia\/commons\/thumb\/e\/e9\/Bronze_medal_europe.svg\/32px-Bronze_medal_europe.svg.png 2x\" width=\"16\" height=\"16\"> 3<sup>e<\/sup> des <a href=\"https:\/\/fr.wikipedia.org\/wiki\/Basket-ball_aux_Jeux_m%C3%A9diterran%C3%A9ens\">Jeux m\u00e9diterran\u00e9ens<\/a> <a href=\"https:\/\/fr.wikipedia.org\/wiki\/Jeux_m%C3%A9diterran%C3%A9ens_de_1955\">1955<\/a><\/li>\n<\/ul>\n","protected":false},"excerpt":{"rendered":"<p>Arist\u00eddis Roub\u00e1nis (grec moderne&nbsp;: \u0391\u03c1\u03b9\u03c3\u03c4\u03b5\u03af\u03b4\u03b7\u03c2 \u03a1\u03bf\u03c5\u03bc\u03c0\u03ac\u03bd\u03b7\u03c2), n\u00e9 le 9 mars 1932, \u00e0 Tripoli, en Gr\u00e8ce et mort le 13 janvier 20181, est un ancien joueur grec de basket-ball et lanceur de javelot. Palmar\u00e8s<\/p>\n","protected":false},"author":1,"featured_media":0,"parent":0,"menu_order":0,"comment_status":"closed","ping_status":"closed","template":"","meta":[],"_links":{"self":[{"href":"https:\/\/test1.yoata.com\/index.php\/wp-json\/wp\/v2\/pages\/502"}],"collection":[{"href":"https:\/\/test1.yoata.com\/index.php\/wp-json\/wp\/v2\/pages"}],"about":[{"href":"https:\/\/test1.yoata.com\/index.php\/wp-json\/wp\/v2\/types\/page"}],"author":[{"embeddable":true,"href":"https:\/\/test1.yoata.com\/index.php\/wp-json\/wp\/v2\/users\/1"}],"replies":[{"embeddable":true,"href":"https:\/\/test1.yoata.com\/index.php\/wp-json\/wp\/v2\/comments?post=502"}],"version-history":[{"count":2,"href":"https:\/\/test1.yoata.com\/index.php\/wp-json\/wp\/v2\/pages\/502\/revisions"}],"predecessor-version":[{"id":640,"href":"https:\/\/test1.yoata.com\/index.php\/wp-json\/wp\/v2\/pages\/502\/revisions\/640"}],"wp:attachment":[{"href":"https:\/\/test1.yoata.com\/index.php\/wp-json\/wp\/v2\/media?parent=502"}],"curies":[{"name":"wp","href":"https:\/\/api.w.org\/{rel}","templated":true}]}}