{"id":494,"date":"2023-02-06T11:25:25","date_gmt":"2023-02-06T10:25:25","guid":{"rendered":"http:\/\/test1.yoata.com\/?page_id=494"},"modified":"2023-02-11T19:33:19","modified_gmt":"2023-02-11T18:33:19","slug":"spiridon-lebesis","status":"publish","type":"page","link":"https:\/\/test1.yoata.com\/index.php\/spiridon-lebesis\/","title":{"rendered":"lancer du javelot Spir\u00eddon Leb\u00e9sis"},"content":{"rendered":"\n<p><strong>Spir\u00eddon Leb\u00e9sis<\/strong> (parfois <strong>Lempesis<\/strong>) (en <a href=\"https:\/\/fr.wikipedia.org\/wiki\/Grec_moderne\">grec moderne<\/a>&nbsp;: \u03a3\u03c0\u03c5\u03c1\u03af\u03b4\u03c9\u03bd \u039b\u03b5\u03bc\u03c0\u03ad\u03c3\u03b7\u03c2, n\u00e9 le <a href=\"https:\/\/fr.wikipedia.org\/wiki\/30_mai_en_sport\">30 mai<\/a> <a href=\"https:\/\/fr.wikipedia.org\/wiki\/1987_en_sport\">1987<\/a>) est un athl\u00e8te grec, sp\u00e9cialiste du <a href=\"https:\/\/fr.wikipedia.org\/wiki\/Lancer_du_javelot\">lancer du javelot<\/a>.<\/p>\n\n\n\n<h2>Biographie<\/h2>\n\n\n\n<figure class=\"wp-block-image\"><a href=\"https:\/\/commons.wikimedia.org\/wiki\/File:Fairytale_warning.png?uselang=fr\"><img decoding=\"async\" src=\"https:\/\/upload.wikimedia.org\/wikipedia\/commons\/thumb\/8\/87\/Fairytale_warning.png\/17px-Fairytale_warning.png\" alt=\"\"\/><\/a><\/figure>\n\n\n\n<p>Cette section est vide, insuffisamment d\u00e9taill\u00e9e ou incompl\u00e8te. <a href=\"https:\/\/fr.wikipedia.org\/wiki\/Sp%C3%A9cial:EditPage\/Spir%C3%ADdon_Leb%C3%A9sis\">Votre aide<\/a> est la bienvenue&nbsp;! <a href=\"https:\/\/fr.wikipedia.org\/wiki\/Aide:Comment_modifier_une_page\">Comment faire&nbsp;?<\/a><\/p>\n\n\n\n<h2>Palmar\u00e8s<\/h2>\n\n\n\n<figure class=\"wp-block-table\"><table><tbody><tr><th scope=\"col\">Date<\/th><th scope=\"col\">Comp\u00e9tition<\/th><th scope=\"col\">Lieu<\/th><th scope=\"col\">R\u00e9sultat<\/th><th scope=\"col\">Marque<\/th><\/tr><tr><td>2009<\/td><td><a href=\"https:\/\/fr.wikipedia.org\/wiki\/Athl%C3%A9tisme_aux_Jeux_m%C3%A9diterran%C3%A9ens_de_2009\">Jeux m\u00e9diterran\u00e9ens<\/a><\/td><td><a href=\"https:\/\/fr.wikipedia.org\/wiki\/Pescara\">Pescara<\/a><\/td><td>2<sup>e<\/sup><\/td><td>78,66 m<\/td><\/tr><tr><td><a href=\"https:\/\/fr.wikipedia.org\/wiki\/Championnats_d%27Europe_espoirs_d%27athl%C3%A9tisme_2009\">Championnats d&rsquo;Europe espoirs<\/a><\/td><td><a href=\"https:\/\/fr.wikipedia.org\/wiki\/Kaunas\">Kaunas<\/a><\/td><td>3<sup>e<\/sup><\/td><td>73,37 m<\/td><\/tr><tr><td>2011<\/td><td><a href=\"https:\/\/fr.wikipedia.org\/wiki\/Athl%C3%A9tisme_aux_Jeux_mondiaux_militaires_d%27%C3%A9t%C3%A9_de_2011\">Jeux mondiaux militaires<\/a><\/td><td><a href=\"https:\/\/fr.wikipedia.org\/wiki\/Rio_de_Janeiro\">Rio de Janeiro<\/a><\/td><td>2<sup>e<\/sup><\/td><td>76,35 m<\/td><\/tr><tr><td>2012<\/td><td><a href=\"https:\/\/fr.wikipedia.org\/wiki\/Athl%C3%A9tisme_aux_Jeux_olympiques_d%27%C3%A9t%C3%A9_de_2012\">Jeux olympiques<\/a><\/td><td><a href=\"https:\/\/fr.wikipedia.org\/wiki\/Londres\">Londres<\/a><\/td><td>6<sup>e<\/sup><\/td><td><a href=\"https:\/\/fr.wikipedia.org\/wiki\/Athl%C3%A9tisme_aux_Jeux_olympiques_de_2012_-_lancer_du_javelot_hommes\">81,91 m<\/a><sup><a href=\"https:\/\/fr.wikipedia.org\/wiki\/Spir%C3%ADdon_Leb%C3%A9sis#cite_note-1\">1<\/a><\/sup><\/td><\/tr><tr><td>2013<\/td><td><a href=\"https:\/\/fr.wikipedia.org\/wiki\/Athl%C3%A9tisme_aux_Jeux_m%C3%A9diterran%C3%A9ens_de_2013\">Jeux m\u00e9diterran\u00e9ens<\/a><\/td><td><a href=\"https:\/\/fr.wikipedia.org\/wiki\/Mersin\">Mersin<\/a><\/td><td>3<sup>e<\/sup><\/td><td>78,53 m<\/td><\/tr><\/tbody><\/table><\/figure>\n\n\n\n<h2>Records<\/h2>\n\n\n\n<figure class=\"wp-block-table\"><table><tbody><tr><th scope=\"col\">\u00c9preuve<\/th><th scope=\"col\">Performance<\/th><th scope=\"col\">Lieu<\/th><th scope=\"col\">Date<\/th><\/tr><tr><td><a href=\"https:\/\/fr.wikipedia.org\/wiki\/Lancer_du_javelot\">Lancer du javelot<\/a><\/td><td>83,02 m<\/td><td><a href=\"https:\/\/commons.wikimedia.org\/wiki\/File:Flag_of_Cyprus.svg?uselang=fr\"><\/a> <a href=\"https:\/\/fr.wikipedia.org\/wiki\/Nicosie\">Nicosie<\/a><\/td><td>19 mai 2012<\/td><\/tr><\/tbody><\/table><\/figure>\n\n\n\n<h2><\/h2>\n","protected":false},"excerpt":{"rendered":"<p>Spir\u00eddon Leb\u00e9sis (parfois Lempesis) (en grec moderne&nbsp;: \u03a3\u03c0\u03c5\u03c1\u03af\u03b4\u03c9\u03bd \u039b\u03b5\u03bc\u03c0\u03ad\u03c3\u03b7\u03c2, n\u00e9 le 30 mai 1987) est un athl\u00e8te grec, sp\u00e9cialiste du lancer du javelot. Biographie Cette section est vide, insuffisamment d\u00e9taill\u00e9e ou incompl\u00e8te. Votre aide est la bienvenue&nbsp;! Comment faire&nbsp;? Palmar\u00e8s Date Comp\u00e9tition Lieu R\u00e9sultat Marque 2009 Jeux m\u00e9diterran\u00e9ens Pescara 2e 78,66 m Championnats d&rsquo;Europe espoirs &hellip; <a href=\"https:\/\/test1.yoata.com\/index.php\/spiridon-lebesis\/\" class=\"more-link\">Continuer la lecture de <span class=\"screen-reader-text\">lancer du javelot Spir\u00eddon Leb\u00e9sis<\/span><\/a><\/p>\n","protected":false},"author":1,"featured_media":0,"parent":0,"menu_order":0,"comment_status":"closed","ping_status":"closed","template":"","meta":[],"_links":{"self":[{"href":"https:\/\/test1.yoata.com\/index.php\/wp-json\/wp\/v2\/pages\/494"}],"collection":[{"href":"https:\/\/test1.yoata.com\/index.php\/wp-json\/wp\/v2\/pages"}],"about":[{"href":"https:\/\/test1.yoata.com\/index.php\/wp-json\/wp\/v2\/types\/page"}],"author":[{"embeddable":true,"href":"https:\/\/test1.yoata.com\/index.php\/wp-json\/wp\/v2\/users\/1"}],"replies":[{"embeddable":true,"href":"https:\/\/test1.yoata.com\/index.php\/wp-json\/wp\/v2\/comments?post=494"}],"version-history":[{"count":4,"href":"https:\/\/test1.yoata.com\/index.php\/wp-json\/wp\/v2\/pages\/494\/revisions"}],"predecessor-version":[{"id":638,"href":"https:\/\/test1.yoata.com\/index.php\/wp-json\/wp\/v2\/pages\/494\/revisions\/638"}],"wp:attachment":[{"href":"https:\/\/test1.yoata.com\/index.php\/wp-json\/wp\/v2\/media?parent=494"}],"curies":[{"name":"wp","href":"https:\/\/api.w.org\/{rel}","templated":true}]}}