{"id":486,"date":"2023-02-06T11:23:59","date_gmt":"2023-02-06T10:23:59","guid":{"rendered":"http:\/\/test1.yoata.com\/?page_id=486"},"modified":"2023-02-11T19:25:11","modified_gmt":"2023-02-11T18:25:11","slug":"ioannis-kiriazis","status":"publish","type":"page","link":"https:\/\/test1.yoata.com\/index.php\/ioannis-kiriazis\/","title":{"rendered":"lanceur du javelot Io\u00e1nnis Kiriaz\u00eds"},"content":{"rendered":"\n<p><strong>Io\u00e1nnis Kiriaz\u00eds<\/strong> (<a href=\"https:\/\/fr.wikipedia.org\/wiki\/Grec_moderne\">grec moderne<\/a>&nbsp;: \u0399\u03c9\u03ac\u03bd\u03bd\u03b7\u03c2 \u039a\u03c5\u03c1\u03b9\u03b1\u03b6\u03ae\u03c2&nbsp;; n\u00e9 le <a href=\"https:\/\/fr.wikipedia.org\/wiki\/19_janvier_en_sport\">19 janvier<\/a> <a href=\"https:\/\/fr.wikipedia.org\/wiki\/1996_en_sport\">1996<\/a>) est un <a href=\"https:\/\/fr.wikipedia.org\/wiki\/Athl%C3%A9tisme\">athl\u00e8te<\/a> <a href=\"https:\/\/fr.wikipedia.org\/wiki\/Gr%C3%A8ce\">grec<\/a>, sp\u00e9cialiste du <a href=\"https:\/\/fr.wikipedia.org\/wiki\/Lancer_du_javelot\">lancer du javelot<\/a>.<\/p>\n\n\n\n<h2>Biographie<\/h2>\n\n\n\n<p>Le 31 mars 2017, \u00e0 <a href=\"https:\/\/fr.wikipedia.org\/wiki\/Austin_(Texas)\">Austin<\/a>, il porte son record personnel \u00e0 88,01&nbsp;m. \u00c9tudiant \u00e0 l&rsquo;<a href=\"https:\/\/fr.wikipedia.org\/wiki\/Universit%C3%A9_A%26M_du_Texas\">Universit\u00e9 A&amp;M du Texas<\/a>, il remporte le 7 juin 2017 les <a href=\"https:\/\/fr.wikipedia.org\/wiki\/Championnats_NCAA_(athl%C3%A9tisme)\">championnats NCAA<\/a> \u00e0 <a href=\"https:\/\/fr.wikipedia.org\/wiki\/Eugene_(Oregon)\">Eugene<\/a> avec la marque de 82,58&nbsp;m<sup><a href=\"https:\/\/fr.wikipedia.org\/wiki\/Io%C3%A1nnis_Kiriaz%C3%ADs#cite_note-1\">1<\/a><\/sup>.<\/p>\n\n\n\n<p>Le 31 mai 2019, l\u2019AIU d\u00e9clare qu\u2019il est suspendu pour dopage avec le LGD-4033, une substance synth\u00e9tique.<\/p>\n\n\n\n<p>En mars 2020, il est suspendu jusque mai 2023 pour dopage<sup><a href=\"https:\/\/fr.wikipedia.org\/wiki\/Io%C3%A1nnis_Kiriaz%C3%ADs#cite_note-2\">2<\/a><\/sup>.<\/p>\n\n\n\n<h2>Palmar\u00e8s<\/h2>\n\n\n\n<figure class=\"wp-block-table\"><table><tbody><tr><th scope=\"col\">Date<\/th><th scope=\"col\">Comp\u00e9tition<\/th><th scope=\"col\">Lieu<\/th><th scope=\"col\">R\u00e9sultat<\/th><th scope=\"col\">Marque<\/th><\/tr><tr><td>2016<\/td><td><a href=\"https:\/\/fr.wikipedia.org\/wiki\/Championnats_d%27Europe_d%27athl%C3%A9tisme_2016\">Championnats d&rsquo;Europe<\/a><\/td><td><a href=\"https:\/\/fr.wikipedia.org\/wiki\/Amsterdam\">Amsterdam<\/a><\/td><td>12<sup>e<\/sup><\/td><td>75,57&nbsp;m<\/td><\/tr><tr><td>2017<\/td><td><a href=\"https:\/\/fr.wikipedia.org\/wiki\/Championnats_d%27Europe_espoirs_d%27athl%C3%A9tisme_2017\">Championnats d&rsquo;Europe espoirs<\/a><\/td><td><a href=\"https:\/\/fr.wikipedia.org\/wiki\/Bydgoszcz\">Bydgoszcz<\/a><\/td><td>2<sup>e<\/sup><\/td><td>81,00 m<\/td><\/tr><tr><td><a href=\"https:\/\/fr.wikipedia.org\/wiki\/Championnats_d%27Europe_d%27athl%C3%A9tisme_par_%C3%A9quipes_2017\">Championnats d&rsquo;Europe par \u00e9quipes<\/a><\/td><td><a href=\"https:\/\/fr.wikipedia.org\/wiki\/Lille\">Lille<\/a><\/td><td>2<sup>e<\/sup><\/td><td>86,33 m<\/td><\/tr><tr><td><a href=\"https:\/\/fr.wikipedia.org\/wiki\/Championnats_du_monde_d%27athl%C3%A9tisme_2017\">Championnats du monde<\/a><\/td><td><a href=\"https:\/\/fr.wikipedia.org\/wiki\/Londres\">Londres<\/a><\/td><td>6<sup>e<\/sup><\/td><td>84,52 m<\/td><\/tr><\/tbody><\/table><\/figure>\n\n\n\n<h2>Records<\/h2>\n\n\n\n<figure class=\"wp-block-table\"><table><tbody><tr><th scope=\"col\">\u00c9preuve<\/th><th scope=\"col\">Marque<\/th><th scope=\"col\">Lieu<\/th><th scope=\"col\">Date<\/th><\/tr><tr><td><a href=\"https:\/\/fr.wikipedia.org\/wiki\/Lancer_du_javelot\">Lancer du javelot<\/a><\/td><td>88,01&nbsp;m<\/td><td><a href=\"https:\/\/fr.wikipedia.org\/wiki\/Austin_(Texas)\">Austin<\/a><\/td><td>31 mars 2017<\/td><\/tr><\/tbody><\/table><\/figure>\n\n\n\n<h2><\/h2>\n","protected":false},"excerpt":{"rendered":"<p>Io\u00e1nnis Kiriaz\u00eds (grec moderne&nbsp;: \u0399\u03c9\u03ac\u03bd\u03bd\u03b7\u03c2 \u039a\u03c5\u03c1\u03b9\u03b1\u03b6\u03ae\u03c2&nbsp;; n\u00e9 le 19 janvier 1996) est un athl\u00e8te grec, sp\u00e9cialiste du lancer du javelot. Biographie Le 31 mars 2017, \u00e0 Austin, il porte son record personnel \u00e0 88,01&nbsp;m. \u00c9tudiant \u00e0 l&rsquo;Universit\u00e9 A&amp;M du Texas, il remporte le 7 juin 2017 les championnats NCAA \u00e0 Eugene avec la marque de &hellip; <a href=\"https:\/\/test1.yoata.com\/index.php\/ioannis-kiriazis\/\" class=\"more-link\">Continuer la lecture de <span class=\"screen-reader-text\">lanceur du javelot Io\u00e1nnis Kiriaz\u00eds<\/span><\/a><\/p>\n","protected":false},"author":1,"featured_media":0,"parent":0,"menu_order":0,"comment_status":"closed","ping_status":"closed","template":"","meta":[],"_links":{"self":[{"href":"https:\/\/test1.yoata.com\/index.php\/wp-json\/wp\/v2\/pages\/486"}],"collection":[{"href":"https:\/\/test1.yoata.com\/index.php\/wp-json\/wp\/v2\/pages"}],"about":[{"href":"https:\/\/test1.yoata.com\/index.php\/wp-json\/wp\/v2\/types\/page"}],"author":[{"embeddable":true,"href":"https:\/\/test1.yoata.com\/index.php\/wp-json\/wp\/v2\/users\/1"}],"replies":[{"embeddable":true,"href":"https:\/\/test1.yoata.com\/index.php\/wp-json\/wp\/v2\/comments?post=486"}],"version-history":[{"count":5,"href":"https:\/\/test1.yoata.com\/index.php\/wp-json\/wp\/v2\/pages\/486\/revisions"}],"predecessor-version":[{"id":630,"href":"https:\/\/test1.yoata.com\/index.php\/wp-json\/wp\/v2\/pages\/486\/revisions\/630"}],"wp:attachment":[{"href":"https:\/\/test1.yoata.com\/index.php\/wp-json\/wp\/v2\/media?parent=486"}],"curies":[{"name":"wp","href":"https:\/\/api.w.org\/{rel}","templated":true}]}}