{"id":475,"date":"2023-02-06T11:20:54","date_gmt":"2023-02-06T10:20:54","guid":{"rendered":"http:\/\/test1.yoata.com\/?page_id=475"},"modified":"2023-02-11T19:32:43","modified_gmt":"2023-02-11T18:32:43","slug":"konstadinos-gatsioudis","status":"publish","type":"page","link":"https:\/\/test1.yoata.com\/index.php\/konstadinos-gatsioudis\/","title":{"rendered":"lancer du javelot Konstad\u00ednos Gatsio\u00fadis"},"content":{"rendered":"\n<p><strong>Konstad\u00ednos Gatsio\u00fadis<\/strong> (en <a href=\"https:\/\/fr.wikipedia.org\/wiki\/Grec_moderne\">grec moderne<\/a>&nbsp;: \u039a\u03c9\u03bd\u03c3\u03c4\u03b1\u03bd\u03c4\u03af\u03bd\u03bf\u03c2 \u00ab\u00a0\u039a\u03ce\u03c3\u03c4\u03b1\u03c2\u00a0\u00bb \u0393\u03ba\u03b1\u03c4\u03c3\u03b9\u03bf\u03cd\u03b4\u03b7\u03c2, n\u00e9 le <a href=\"https:\/\/fr.wikipedia.org\/wiki\/17_d%C3%A9cembre\">17<\/a> <a href=\"https:\/\/fr.wikipedia.org\/wiki\/D%C3%A9cembre_1973\">d\u00e9cembre<\/a> <a href=\"https:\/\/fr.wikipedia.org\/wiki\/1973\">1973<\/a> \u00e0 <a href=\"https:\/\/fr.wikipedia.org\/wiki\/Didymotique\">Didymotique<\/a>) est un athl\u00e8te grec, sp\u00e9cialiste du <a href=\"https:\/\/fr.wikipedia.org\/wiki\/Lancer_du_javelot\">lancer du javelot<\/a>.<\/p>\n\n\n\n<figure class=\"wp-block-image size-full\"><img decoding=\"async\" loading=\"lazy\" width=\"236\" height=\"340\" src=\"http:\/\/test1.yoata.com\/wp-content\/uploads\/2023\/02\/Kostas-gatsioudis.jpg\" alt=\"\" class=\"wp-image-482\" srcset=\"https:\/\/test1.yoata.com\/wp-content\/uploads\/2023\/02\/Kostas-gatsioudis.jpg 236w, https:\/\/test1.yoata.com\/wp-content\/uploads\/2023\/02\/Kostas-gatsioudis-208x300.jpg 208w\" sizes=\"(max-width: 236px) 100vw, 236px\" \/><\/figure>\n\n\n\n<p><\/p>\n\n\n\n<p>Mesurant 1,89 m pour 95&nbsp;kg, il battit un record du monde junior en 1990 et 8 records de Gr\u00e8ce, dont un en qualifications aux Jeux olympiques de 1996. Il remporta les <a href=\"https:\/\/fr.wikipedia.org\/wiki\/Jeux_m%C3%A9diterran%C3%A9ens\">Jeux m\u00e9diterran\u00e9ens<\/a> en 1997 et fut 3<sup>e<\/sup> en Coupe d&rsquo;Europe en 1999.<\/p>\n\n\n\n<p>M\u00e9daille d&rsquo;argent et deux fois m\u00e9daille de bronze lors des Championnats du monde.<\/p>\n\n\n\n<p>Son meilleur lancer est de 91,69 m \u00e0 <a href=\"https:\/\/fr.wikipedia.org\/wiki\/Kuortane\">Kuortane<\/a> le 24 juin 2000.<\/p>\n\n\n\n<h3>Palmar\u00e8s<\/h3>\n\n\n\n<figure class=\"wp-block-table\"><table><tbody><tr><th scope=\"col\">Date<\/th><th scope=\"col\">Comp\u00e9tition<\/th><th scope=\"col\">Lieu<\/th><th scope=\"col\">R\u00e9sultat<\/th><th scope=\"col\">Performance<\/th><\/tr><tr><td>1990<\/td><td><a href=\"https:\/\/fr.wikipedia.org\/wiki\/Championnats_du_monde_juniors_d%27athl%C3%A9tisme_1990\">Championnats du monde juniors<\/a><\/td><td><a href=\"https:\/\/fr.wikipedia.org\/wiki\/Plovdiv\">Plovdiv<\/a><\/td><td>6<sup>e<\/sup><\/td><td>69,90 m<\/td><\/tr><tr><td>1992<\/td><td><a href=\"https:\/\/fr.wikipedia.org\/wiki\/Championnats_du_monde_juniors_d%27athl%C3%A9tisme_1992\">Championnats du monde juniors<\/a><\/td><td><a href=\"https:\/\/fr.wikipedia.org\/wiki\/S%C3%A9oul\">S\u00e9oul<\/a><\/td><td>3<sup>e<\/sup><\/td><td>75,92 m<\/td><\/tr><tr><td>1996<\/td><td><a href=\"https:\/\/fr.wikipedia.org\/wiki\/Athl%C3%A9tisme_aux_Jeux_olympiques_d%27%C3%A9t%C3%A9_de_1996\">Jeux olympiques<\/a><\/td><td><a href=\"https:\/\/fr.wikipedia.org\/wiki\/Atlanta\">Atlanta<\/a><\/td><td>10<sup>e<\/sup><\/td><td>81,46 m<\/td><\/tr><tr><td>1997<\/td><td><a href=\"https:\/\/fr.wikipedia.org\/wiki\/Athl%C3%A9tisme_aux_Jeux_m%C3%A9diterran%C3%A9ens_de_1997\">Jeux m\u00e9diterran\u00e9ens<\/a><\/td><td><a href=\"https:\/\/fr.wikipedia.org\/wiki\/Bari\">Bari<\/a><\/td><td>1<sup>er<\/sup><\/td><td>89,22 m<\/td><\/tr><tr><td><a href=\"https:\/\/fr.wikipedia.org\/wiki\/Championnats_du_monde_d%27athl%C3%A9tisme_1997\">Championnats du monde<\/a><\/td><td><a href=\"https:\/\/fr.wikipedia.org\/wiki\/Ath%C3%A8nes\">Ath\u00e8nes<\/a><\/td><td>3<sup>e<\/sup><\/td><td>86,64 m<\/td><\/tr><tr><td>1999<\/td><td><a href=\"https:\/\/fr.wikipedia.org\/wiki\/Championnats_du_monde_d%27athl%C3%A9tisme_1999\">Championnats du monde<\/a><\/td><td><a href=\"https:\/\/fr.wikipedia.org\/wiki\/S%C3%A9ville\">S\u00e9ville<\/a><\/td><td>2<sup>e<\/sup><\/td><td>89,18 m<\/td><\/tr><tr><td>2000<\/td><td><a href=\"https:\/\/fr.wikipedia.org\/wiki\/Athl%C3%A9tisme_aux_Jeux_olympiques_d%27%C3%A9t%C3%A9_de_2000\">Jeux olympiques<\/a><\/td><td><a href=\"https:\/\/fr.wikipedia.org\/wiki\/Sydney\">Sydney<\/a><\/td><td>6<sup>e<\/sup><\/td><td>86,53 m<\/td><\/tr><tr><td>2001<\/td><td><a href=\"https:\/\/fr.wikipedia.org\/wiki\/Championnats_du_monde_d%27athl%C3%A9tisme_2001\">Championnats du monde<\/a><\/td><td><a href=\"https:\/\/fr.wikipedia.org\/wiki\/Edmonton\">Edmonton<\/a><\/td><td>3<sup>e<\/sup><\/td><td>89,95 m<\/td><\/tr><\/tbody><\/table><\/figure>\n\n\n\n<h3>Records<\/h3>\n\n\n\n<figure class=\"wp-block-table\"><table><tbody><tr><th scope=\"col\">\u00c9preuve<\/th><th scope=\"col\">Performance<\/th><th scope=\"col\">Lieu<\/th><th scope=\"col\">Date<\/th><\/tr><tr><td>Lancer du javelot<\/td><td>91,69 m<\/td><td><a href=\"https:\/\/fr.wikipedia.org\/wiki\/Kuortane\">Kuortane<\/a><\/td><td>24 juin 2000<\/td><\/tr><\/tbody><\/table><\/figure>\n\n\n\n<h2><\/h2>\n","protected":false},"excerpt":{"rendered":"<p>Konstad\u00ednos Gatsio\u00fadis (en grec moderne&nbsp;: \u039a\u03c9\u03bd\u03c3\u03c4\u03b1\u03bd\u03c4\u03af\u03bd\u03bf\u03c2 \u00ab\u00a0\u039a\u03ce\u03c3\u03c4\u03b1\u03c2\u00a0\u00bb \u0393\u03ba\u03b1\u03c4\u03c3\u03b9\u03bf\u03cd\u03b4\u03b7\u03c2, n\u00e9 le 17 d\u00e9cembre 1973 \u00e0 Didymotique) est un athl\u00e8te grec, sp\u00e9cialiste du lancer du javelot. Mesurant 1,89 m pour 95&nbsp;kg, il battit un record du monde junior en 1990 et 8 records de Gr\u00e8ce, dont un en qualifications aux Jeux olympiques de 1996. Il remporta les &hellip; <a href=\"https:\/\/test1.yoata.com\/index.php\/konstadinos-gatsioudis\/\" class=\"more-link\">Continuer la lecture de <span class=\"screen-reader-text\">lancer du javelot Konstad\u00ednos Gatsio\u00fadis<\/span><\/a><\/p>\n","protected":false},"author":1,"featured_media":0,"parent":0,"menu_order":0,"comment_status":"closed","ping_status":"closed","template":"","meta":[],"_links":{"self":[{"href":"https:\/\/test1.yoata.com\/index.php\/wp-json\/wp\/v2\/pages\/475"}],"collection":[{"href":"https:\/\/test1.yoata.com\/index.php\/wp-json\/wp\/v2\/pages"}],"about":[{"href":"https:\/\/test1.yoata.com\/index.php\/wp-json\/wp\/v2\/types\/page"}],"author":[{"embeddable":true,"href":"https:\/\/test1.yoata.com\/index.php\/wp-json\/wp\/v2\/users\/1"}],"replies":[{"embeddable":true,"href":"https:\/\/test1.yoata.com\/index.php\/wp-json\/wp\/v2\/comments?post=475"}],"version-history":[{"count":5,"href":"https:\/\/test1.yoata.com\/index.php\/wp-json\/wp\/v2\/pages\/475\/revisions"}],"predecessor-version":[{"id":637,"href":"https:\/\/test1.yoata.com\/index.php\/wp-json\/wp\/v2\/pages\/475\/revisions\/637"}],"wp:attachment":[{"href":"https:\/\/test1.yoata.com\/index.php\/wp-json\/wp\/v2\/media?parent=475"}],"curies":[{"name":"wp","href":"https:\/\/api.w.org\/{rel}","templated":true}]}}