{"id":46,"date":"2017-05-06T14:53:10","date_gmt":"2017-05-06T12:53:10","guid":{"rendered":"http:\/\/test1.yoata.com\/?page_id=46"},"modified":"2023-02-05T12:08:11","modified_gmt":"2023-02-05T11:08:11","slug":"antony","status":"publish","type":"page","link":"https:\/\/test1.yoata.com\/index.php\/les-villes\/antony\/","title":{"rendered":"Antony"},"content":{"rendered":"<p><code>\t\t<div class=\"wpfc-calendar-wrapper\"><form class=\"wpfc-calendar\" id=\"wpfc-calendar-98633\"><\/form><div class=\"wpfc-loading\"><\/div><\/div>\r\n\t\t<div class=\"wpfc-calendar-search\" style=\"display:none;\">\r\n\t\t\t\t\t<\/div>\r\n\t\t<script type=\"text\/javascript\">\r\n\t\t\tWPFC.data = {\r\n\t\t\t\taction : 'WP_FullCalendar',\r\n\t\t\t\t'type' : 'event','0' : '','class' : 'row-title','1' : 'href=&quot;http:\/\/test1.yoata.com\/wp-admin\/term.php?taxonomy=event-categories&amp;tag_ID=7&amp;post_type=event&amp;wp_http_referer=%2Fwp-admin%2Fedit-tags.php%3Ftaxonomy%3Devent-categories%26post_type%3Devent&quot;&gt;Antony&lt;\/a&gt;&lt;\/strong&gt;,category&quot;','month' : 3,'year' : 2026,\t\t\t };\r\n\t\t\tWPFC.month = 3;\r\n\t\t\tWPFC.year = 2026;\r\n\t\t<\/script>\r\n\t\t<\/code><br>\nAntony est une commune fran\u00e7aise, sous-pr\u00e9fecture du d\u00e9partement des Hauts-de-Seine en r\u00e9gion \u00cele-de-France. Jusqu&rsquo;en 1968, Antony faisait partie du d\u00e9partement de la Seine.<\/p>\n<p>Arros\u00e9e par la Bi\u00e8vre, affluent de la Seine, Antony est situ\u00e9e \u00e0 un carrefour de routes tr\u00e8s importantes, notamment le grand axe nord-sud, qui existait d\u00e9j\u00e0 il y a 2 000 ans.<\/p>\n<p>Faiblement urbanis\u00e9e jusqu&rsquo;au d\u00e9but du XXe si\u00e8cle, la ville s&rsquo;est consid\u00e9rablement d\u00e9velopp\u00e9e entre les deux guerres, sous l&rsquo;impulsion de son s\u00e9nateur-maire Auguste Mouni\u00e9, passant de 4 000 \u00e0 20 000 habitants.<\/p>\n<p>Au d\u00e9but des ann\u00e9es 1960, la population passe en tr\u00e8s peu de temps de 25 000 \u00e0 50 000 habitants pour loger les rapatri\u00e9s d&rsquo;Alg\u00e9rie.<\/p>\n<p>Aujourd&rsquo;hui int\u00e9gr\u00e9e dans l&rsquo;agglom\u00e9ration parisienne, Antony s&rsquo;y singularise notamment par la pr\u00e9sence, dans le domaine de l&rsquo;enseignement, de l&rsquo;un des plus grands \u00e9tablissements priv\u00e9s de France, dans le domaine de la sant\u00e9, du plus grand \u00e9tablissement priv\u00e9 d&rsquo;\u00cele-de-France et par son classement par l&rsquo;enqu\u00eate du magazine Le Point en premi\u00e8re position pour le logement pour les villes de France \u00ab o\u00f9 l\u2019on vit le mieux \u00bb.<\/p>\n\n\n<figure class=\"wp-block-image size-full\"><img decoding=\"async\" loading=\"lazy\" width=\"367\" height=\"375\" src=\"http:\/\/test1.yoata.com\/wp-content\/uploads\/2023\/02\/Antony_map.svg_.png\" alt=\"\" class=\"wp-image-226\" srcset=\"https:\/\/test1.yoata.com\/wp-content\/uploads\/2023\/02\/Antony_map.svg_.png 367w, https:\/\/test1.yoata.com\/wp-content\/uploads\/2023\/02\/Antony_map.svg_-294x300.png 294w\" sizes=\"(max-width: 367px) 100vw, 367px\" \/><\/figure>\n","protected":false},"excerpt":{"rendered":"<p>Antony est une commune fran\u00e7aise, sous-pr\u00e9fecture du d\u00e9partement des Hauts-de-Seine en r\u00e9gion \u00cele-de-France. Jusqu&rsquo;en 1968, Antony faisait partie du d\u00e9partement de la Seine. Arros\u00e9e par la Bi\u00e8vre, affluent de la Seine, Antony est situ\u00e9e \u00e0 un carrefour de routes tr\u00e8s importantes, notamment le grand axe nord-sud, qui existait d\u00e9j\u00e0 il y a 2 000 ans. &hellip; <a href=\"https:\/\/test1.yoata.com\/index.php\/les-villes\/antony\/\" class=\"more-link\">Continuer la lecture de <span class=\"screen-reader-text\">Antony<\/span><\/a><\/p>\n","protected":false},"author":1,"featured_media":0,"parent":77,"menu_order":0,"comment_status":"closed","ping_status":"closed","template":"","meta":[],"_links":{"self":[{"href":"https:\/\/test1.yoata.com\/index.php\/wp-json\/wp\/v2\/pages\/46"}],"collection":[{"href":"https:\/\/test1.yoata.com\/index.php\/wp-json\/wp\/v2\/pages"}],"about":[{"href":"https:\/\/test1.yoata.com\/index.php\/wp-json\/wp\/v2\/types\/page"}],"author":[{"embeddable":true,"href":"https:\/\/test1.yoata.com\/index.php\/wp-json\/wp\/v2\/users\/1"}],"replies":[{"embeddable":true,"href":"https:\/\/test1.yoata.com\/index.php\/wp-json\/wp\/v2\/comments?post=46"}],"version-history":[{"count":8,"href":"https:\/\/test1.yoata.com\/index.php\/wp-json\/wp\/v2\/pages\/46\/revisions"}],"predecessor-version":[{"id":227,"href":"https:\/\/test1.yoata.com\/index.php\/wp-json\/wp\/v2\/pages\/46\/revisions\/227"}],"up":[{"embeddable":true,"href":"https:\/\/test1.yoata.com\/index.php\/wp-json\/wp\/v2\/pages\/77"}],"wp:attachment":[{"href":"https:\/\/test1.yoata.com\/index.php\/wp-json\/wp\/v2\/media?parent=46"}],"curies":[{"name":"wp","href":"https:\/\/api.w.org\/{rel}","templated":true}]}}