{"id":194,"date":"2021-08-23T20:21:01","date_gmt":"2021-08-23T18:21:01","guid":{"rendered":"https:\/\/test1.yoata.com\/?page_id=194"},"modified":"2023-02-05T13:02:54","modified_gmt":"2023-02-05T12:02:54","slug":"vide-grenier-rue-mainville","status":"publish","type":"page","link":"https:\/\/test1.yoata.com\/index.php\/accueil\/vide-grenier-rue-mainville\/","title":{"rendered":"Jeux olympiques d&rsquo;\u00e9t\u00e9 de 2024"},"content":{"rendered":"\n<p>JO Paris<\/p>\n\n\n\n<p>26 juillet 2024<\/p>\n\n\n\n<p><\/p>\n\n\n\n<p>Les Jeux olympiques d&rsquo;\u00e9t\u00e9 de 2024, officiellement appel\u00e9s les Jeux de la XXXIIIe olympiade, seront c\u00e9l\u00e9br\u00e9s en 2024 \u00e0 Paris, en France, ville officiellement d\u00e9sign\u00e9e lors de la 131e session du CIO \u00e0 Lima, au P\u00e9rou, le 13 septembre 20171,2. Les villes de Hambourg, Rome et Budapest \u00e9taient \u00e9galement en lice jusqu&rsquo;\u00e0 leurs retraits, respectivement les 29 novembre 2015, 11 octobre 2016 et 22 f\u00e9vrier 20173 ; et la ville de Los Angeles est simultan\u00e9ment d\u00e9sign\u00e9e pour organiser les Jeux olympiques de 2028, conform\u00e9ment \u00e0 l&rsquo;accord trouv\u00e9 avec le CIO, le 31 juillet 20174. Apr\u00e8s Londres (1908, 1948 et 2012), Paris devient la deuxi\u00e8me ville \u00e0 c\u00e9l\u00e9brer les Jeux olympiques d&rsquo;\u00e9t\u00e9 pour la troisi\u00e8me fois, \u00e0 cent ans d&rsquo;\u00e9cart (1900, 1924 et 2024), avant que ce ne soit le tour de Los Angeles (1932, 1984 et 2028).<\/p>\n\n\n\n<p>Le projet \u00ab Paris 2024 \u00bb s&rsquo;appuie sur 95 % de sites d\u00e9j\u00e0 existants ou temporaires pour un budget annonc\u00e9 de 6,6 milliards d&rsquo;euros5. Les seules r\u00e9alisations n\u00e9cessaires sont un centre aquatique qui doit \u00eatre construit \u00e0 c\u00f4t\u00e9 du Stade de France, une ar\u00e8ne couverte de 7 500 places pour le basket-ball et la lutte \u00e0 la porte de la Chapelle6 ; en outre, le village olympique sera construit \u00e0 L&rsquo;\u00cele-Saint-Denis, Saint-Denis et Saint-Ouen-sur-Seine en Seine-Saint-Denis5, tandis que le village des m\u00e9dias sera \u00e9tabli \u00e0 Dugny7. Tony Estanguet, qui dirigeait l&rsquo;\u00e9quipe de candidature avec Bernard Lapasset, prend la pr\u00e9sidence du comit\u00e9 d&rsquo;organisation des Jeux olympiques de Paris 20248, dont le directeur g\u00e9n\u00e9ral est \u00c9tienne Thobois.<\/p>\n\n\n\n<p>Le 7 f\u00e9vrier 2018, un changement dans le calendrier est annonc\u00e9. Les JO, qui devaient initialement se d\u00e9rouler du 2 au 18 ao\u00fbt, sont avanc\u00e9s d&rsquo;une semaine pour des raisons d&rsquo;organisation. Ils se tiendront finalement du 26 juillet au 11 ao\u00fbt 2024.<\/p>\n","protected":false},"excerpt":{"rendered":"<p>JO Paris 26 juillet 2024 Les Jeux olympiques d&rsquo;\u00e9t\u00e9 de 2024, officiellement appel\u00e9s les Jeux de la XXXIIIe olympiade, seront c\u00e9l\u00e9br\u00e9s en 2024 \u00e0 Paris, en France, ville officiellement d\u00e9sign\u00e9e lors de la 131e session du CIO \u00e0 Lima, au P\u00e9rou, le 13 septembre 20171,2. Les villes de Hambourg, Rome et Budapest \u00e9taient \u00e9galement en &hellip; <a href=\"https:\/\/test1.yoata.com\/index.php\/accueil\/vide-grenier-rue-mainville\/\" class=\"more-link\">Continuer la lecture de <span class=\"screen-reader-text\">Jeux olympiques d&rsquo;\u00e9t\u00e9 de 2024<\/span><\/a><\/p>\n","protected":false},"author":1,"featured_media":0,"parent":7,"menu_order":0,"comment_status":"closed","ping_status":"closed","template":"","meta":[],"_links":{"self":[{"href":"https:\/\/test1.yoata.com\/index.php\/wp-json\/wp\/v2\/pages\/194"}],"collection":[{"href":"https:\/\/test1.yoata.com\/index.php\/wp-json\/wp\/v2\/pages"}],"about":[{"href":"https:\/\/test1.yoata.com\/index.php\/wp-json\/wp\/v2\/types\/page"}],"author":[{"embeddable":true,"href":"https:\/\/test1.yoata.com\/index.php\/wp-json\/wp\/v2\/users\/1"}],"replies":[{"embeddable":true,"href":"https:\/\/test1.yoata.com\/index.php\/wp-json\/wp\/v2\/comments?post=194"}],"version-history":[{"count":7,"href":"https:\/\/test1.yoata.com\/index.php\/wp-json\/wp\/v2\/pages\/194\/revisions"}],"predecessor-version":[{"id":248,"href":"https:\/\/test1.yoata.com\/index.php\/wp-json\/wp\/v2\/pages\/194\/revisions\/248"}],"up":[{"embeddable":true,"href":"https:\/\/test1.yoata.com\/index.php\/wp-json\/wp\/v2\/pages\/7"}],"wp:attachment":[{"href":"https:\/\/test1.yoata.com\/index.php\/wp-json\/wp\/v2\/media?parent=194"}],"curies":[{"name":"wp","href":"https:\/\/api.w.org\/{rel}","templated":true}]}}