{"id":127,"date":"2017-05-16T11:07:13","date_gmt":"2017-05-16T09:07:13","guid":{"rendered":"http:\/\/test1.yoata.com\/?page_id=127"},"modified":"2023-02-11T13:17:51","modified_gmt":"2023-02-11T12:17:51","slug":"a-modifier-01","status":"publish","type":"page","link":"https:\/\/test1.yoata.com\/index.php\/a-modifier-01\/","title":{"rendered":"Athl\u00e8tes grecs"},"content":{"rendered":"<h1>\u00a0<\/h1>\n<table class=\"wikitable\" border=\"1\" cellspacing=\"0\" cellpadding=\"3\" bgcolor=\"#f7f8ff\"><caption><b>Sportifs grecs les plus m\u00e9daill\u00e9s<\/b><\/caption>\n<tbody>\n<tr>\n<th width=\"150\">Nom<\/th>\n<td bgcolor=\"white\" width=\"50\"><span data-sort-value=\"01\"><img decoding=\"async\" loading=\"lazy\" title=\"M\u00e9daille d'or, Jeux olympiques\" src=\"https:\/\/upload.wikimedia.org\/wikipedia\/commons\/thumb\/4\/4f\/Gold_medal_olympic.svg\/16px-Gold_medal_olympic.svg.png\" srcset=\"\/\/upload.wikimedia.org\/wikipedia\/commons\/thumb\/4\/4f\/Gold_medal_olympic.svg\/24px-Gold_medal_olympic.svg.png 1.5x, \/\/upload.wikimedia.org\/wikipedia\/commons\/thumb\/4\/4f\/Gold_medal_olympic.svg\/32px-Gold_medal_olympic.svg.png 2x\" alt=\"M\u00e9daille d'or, Jeux olympiques\" width=\"16\" height=\"16\" data-file-width=\"300\" data-file-height=\"300\" \/><\/span><\/td>\n<td bgcolor=\"white\" width=\"50\"><span data-sort-value=\"02\"><img decoding=\"async\" loading=\"lazy\" title=\"M\u00e9daille d'argent, Jeux olympiques\" src=\"https:\/\/upload.wikimedia.org\/wikipedia\/commons\/thumb\/6\/67\/Silver_medal_olympic.svg\/16px-Silver_medal_olympic.svg.png\" srcset=\"\/\/upload.wikimedia.org\/wikipedia\/commons\/thumb\/6\/67\/Silver_medal_olympic.svg\/24px-Silver_medal_olympic.svg.png 1.5x, \/\/upload.wikimedia.org\/wikipedia\/commons\/thumb\/6\/67\/Silver_medal_olympic.svg\/32px-Silver_medal_olympic.svg.png 2x\" alt=\"M\u00e9daille d'argent, Jeux olympiques\" width=\"16\" height=\"16\" data-file-width=\"300\" data-file-height=\"300\" \/><\/span><\/td>\n<td bgcolor=\"white\" width=\"50\"><span data-sort-value=\"03\"><img decoding=\"async\" loading=\"lazy\" title=\"M\u00e9daille de bronze, Jeux olympiques\" src=\"https:\/\/upload.wikimedia.org\/wikipedia\/commons\/thumb\/f\/f9\/Bronze_medal_olympic.svg\/16px-Bronze_medal_olympic.svg.png\" srcset=\"\/\/upload.wikimedia.org\/wikipedia\/commons\/thumb\/f\/f9\/Bronze_medal_olympic.svg\/24px-Bronze_medal_olympic.svg.png 1.5x, \/\/upload.wikimedia.org\/wikipedia\/commons\/thumb\/f\/f9\/Bronze_medal_olympic.svg\/32px-Bronze_medal_olympic.svg.png 2x\" alt=\"M\u00e9daille de bronze, Jeux olympiques\" width=\"16\" height=\"16\" data-file-width=\"300\" data-file-height=\"300\" \/><\/span><\/td>\n<th width=\"50\">Total<\/th>\n<\/tr>\n<tr align=\"center\" valign=\"top\" bgcolor=\"#FFFFFF\">\n<td><a title=\"P\u00fdrros D\u00edmas\" href=\"https:\/\/fr.wikipedia.org\/wiki\/P%C3%BDrros_D%C3%ADmas\">P\u00fdrros D\u00edmas<\/a><\/td>\n<td valign=\"middle\">3<\/td>\n<td valign=\"middle\">0<\/td>\n<td valign=\"middle\">1<\/td>\n<td valign=\"middle\"><b>4<\/b><\/td>\n<\/tr>\n<tr align=\"center\" valign=\"top\" bgcolor=\"#FFFFFF\">\n<td><a class=\"mw-redirect\" title=\"Kostas Tsiklitiras\" href=\"https:\/\/fr.wikipedia.org\/wiki\/Kostas_Tsiklitiras\">Kostas Tsiklitiras<\/a><\/td>\n<td valign=\"middle\">1<\/td>\n<td valign=\"middle\">2<\/td>\n<td valign=\"middle\">1<\/td>\n<td valign=\"middle\">4<\/td>\n<\/tr>\n<tr align=\"center\" valign=\"top\" bgcolor=\"#FFFFFF\">\n<td><a class=\"mw-redirect\" title=\"Ioannis Frangoudis\" href=\"https:\/\/fr.wikipedia.org\/wiki\/Ioannis_Frangoudis\">Ioannis Frangoudis<\/a><\/td>\n<td valign=\"middle\">1<\/td>\n<td valign=\"middle\">1<\/td>\n<td valign=\"middle\">1<\/td>\n<td valign=\"middle\"><b>3<\/b><\/td>\n<\/tr>\n<tr align=\"center\" valign=\"top\" bgcolor=\"#FFFFFF\">\n<td><a class=\"mw-redirect\" title=\"Kakhi Kakhiashvili\" href=\"https:\/\/fr.wikipedia.org\/wiki\/Kakhi_Kakhiashvili\">Kakhi Kakhiashvili<\/a><\/td>\n<td valign=\"middle\">2<\/td>\n<td valign=\"middle\">0<\/td>\n<td valign=\"middle\">0<\/td>\n<td valign=\"middle\"><b>2<\/b><\/td>\n<\/tr>\n<tr align=\"center\" valign=\"top\" bgcolor=\"#FFFFFF\">\n<td><a title=\"Dimosth\u00e9nis Tamp\u00e1kos\" href=\"https:\/\/fr.wikipedia.org\/wiki\/Dimosth%C3%A9nis_Tamp%C3%A1kos\">Dimosth\u00e9nis Tamp\u00e1kos<\/a><br \/><a class=\"mw-redirect\" title=\"Georgios Orfanidis\" href=\"https:\/\/fr.wikipedia.org\/wiki\/Georgios_Orfanidis\">Georgios Orfanidis<\/a><br \/><a class=\"mw-redirect\" title=\"Nikos Kaklamanakis\" href=\"https:\/\/fr.wikipedia.org\/wiki\/Nikos_Kaklamanakis\">Nikos Kaklamanakis<\/a>\n<p><a class=\"mw-redirect\" title=\"Nikolaos Andriakopoulos\" href=\"https:\/\/fr.wikipedia.org\/wiki\/Nikolaos_Andriakopoulos\">Nikolaos Andriakopoulos<\/a><\/p>\n<\/td>\n<td valign=\"middle\">1<\/td>\n<td valign=\"middle\">1<\/td>\n<td valign=\"middle\">0<\/td>\n<td valign=\"middle\"><b>2<\/b><\/td>\n<\/tr>\n<tr align=\"center\" valign=\"top\" bgcolor=\"#FFFFFF\">\n<td><a class=\"mw-redirect\" title=\"Ioannis Mitropoulos\" href=\"https:\/\/fr.wikipedia.org\/wiki\/Ioannis_Mitropoulos\">Ioannis Mitropoulos<\/a>\n<p><a title=\"Sof\u00eda Bekat\u00f3rou\" href=\"https:\/\/fr.wikipedia.org\/wiki\/Sof%C3%ADa_Bekat%C3%B3rou\">Sof\u00eda Bekat\u00f3rou<\/a><\/p>\n<p><a class=\"mw-redirect\" title=\"Ilias Iliadis\" href=\"https:\/\/fr.wikipedia.org\/wiki\/Ilias_Iliadis\">Ilias Iliadis<\/a><\/p>\n<p><a class=\"mw-redirect\" title=\"Anna Korakaki\" href=\"https:\/\/fr.wikipedia.org\/wiki\/Anna_Korakaki\">Anna Korakaki<\/a><\/p>\n<p><a class=\"mw-redirect\" title=\"Eleftherios Petrounias\" href=\"https:\/\/fr.wikipedia.org\/wiki\/Eleftherios_Petrounias\">Eleftherios Petrounias<\/a><\/p>\n<\/td>\n<td valign=\"middle\">1<\/td>\n<td valign=\"middle\">0<\/td>\n<td valign=\"middle\">1<\/td>\n<td valign=\"middle\"><b>2<\/b><\/td>\n<\/tr>\n<tr align=\"center\" valign=\"top\" bgcolor=\"#FFFFFF\">\n<td><a class=\"mw-redirect\" title=\"Anastasia Kelesidou\" href=\"https:\/\/fr.wikipedia.org\/wiki\/Anastasia_Kelesidou\">Anastasia Kelesidou<\/a><br \/><a class=\"mw-redirect\" title=\"Alexandros Nikolaidis\" href=\"https:\/\/fr.wikipedia.org\/wiki\/Alexandros_Nikolaidis\">Alexandros Nikolaidis<\/a><br \/><a class=\"mw-redirect\" title=\"Stamatios Nikolopoulos\" href=\"https:\/\/fr.wikipedia.org\/wiki\/Stamatios_Nikolopoulos\">Stamatios Nikolopoulos<\/a><br \/><a class=\"mw-redirect\" title=\"Dimitrios Kasdaglis\" href=\"https:\/\/fr.wikipedia.org\/wiki\/Dimitrios_Kasdaglis\">Dimitrios Kasdaglis<\/a><br \/><a title=\"Leon\u00eddas Sab\u00e1nis\" href=\"https:\/\/fr.wikipedia.org\/wiki\/Leon%C3%ADdas_Sab%C3%A1nis\">Leon\u00eddas Sab\u00e1nis<\/a>\n<p><a class=\"mw-redirect\" title=\"Thomas Xenakis\" href=\"https:\/\/fr.wikipedia.org\/wiki\/Thomas_Xenakis\">Thomas Xenakis<\/a><\/p>\n<\/td>\n<td valign=\"middle\">0<\/td>\n<td valign=\"middle\">2<\/td>\n<td valign=\"middle\">0<\/td>\n<td valign=\"middle\"><b>2<\/b><\/td>\n<\/tr>\n<tr align=\"center\" valign=\"top\" bgcolor=\"#FFFFFF\">\n<td><a class=\"mw-redirect\" title=\"Petros Persakis\" href=\"https:\/\/fr.wikipedia.org\/wiki\/Petros_Persakis\">Petros Persakis<\/a>\n<p><a title=\"Mir\u00e9la Manjani\" href=\"https:\/\/fr.wikipedia.org\/wiki\/Mir%C3%A9la_Manjani\">Mirela Manjani-Tzelili<\/a><br \/><a title=\"P\u00e9tros Galakt\u00f3poulos\" href=\"https:\/\/fr.wikipedia.org\/wiki\/P%C3%A9tros_Galakt%C3%B3poulos\">P\u00e9tros Galakt\u00f3poulos<\/a><br \/><a title=\"Vas\u00edlios Pol\u00fdmeros\" href=\"https:\/\/fr.wikipedia.org\/wiki\/Vas%C3%ADlios_Pol%C3%BDmeros\">Vas\u00edlios Pol\u00fdmeros<\/a><\/p>\n<\/td>\n<td valign=\"middle\">0<\/td>\n<td valign=\"middle\">1<\/td>\n<td valign=\"middle\">1<\/td>\n<td valign=\"middle\"><b>2<\/b><\/td>\n<\/tr>\n<tr align=\"center\" valign=\"top\" bgcolor=\"#FFFFFF\">\n<td><a class=\"mw-redirect\" title=\"Sotirios Versis\" href=\"https:\/\/fr.wikipedia.org\/wiki\/Sotirios_Versis\">Sotirios Versis<\/a><br \/><a class=\"mw-redirect\" title=\"Babis Kholidis\" href=\"https:\/\/fr.wikipedia.org\/wiki\/Babis_Kholidis\">Babis Kholidis<\/a><\/td>\n<td valign=\"middle\">0<\/td>\n<td valign=\"middle\">0<\/td>\n<td valign=\"middle\">2<\/td>\n<td valign=\"middle\"><b>2<\/b><\/td>\n<\/tr>\n<\/tbody>\n<\/table>\n<h2><span id=\"Porte-drapeau_grecs\" class=\"mw-headline\">\u00a0<\/span><\/h2>\n\n\n<h1><\/h1>\n\n\n\n<p><\/p>\n\n\n\n<h2><\/h2>\n\n\n\n<figure class=\"wp-block-image size-large\"><img decoding=\"async\" loading=\"lazy\" width=\"1024\" height=\"665\" src=\"http:\/\/test1.yoata.com\/wp-content\/uploads\/2023\/02\/pancrace-4011688860-1024x665.jpg\" alt=\"\" class=\"wp-image-271\" srcset=\"https:\/\/test1.yoata.com\/wp-content\/uploads\/2023\/02\/pancrace-4011688860-1024x665.jpg 1024w, https:\/\/test1.yoata.com\/wp-content\/uploads\/2023\/02\/pancrace-4011688860-300x195.jpg 300w, https:\/\/test1.yoata.com\/wp-content\/uploads\/2023\/02\/pancrace-4011688860-768x499.jpg 768w, https:\/\/test1.yoata.com\/wp-content\/uploads\/2023\/02\/pancrace-4011688860.jpg 1042w\" sizes=\"(max-width: 1024px) 100vw, 1024px\" \/><\/figure>\n","protected":false},"excerpt":{"rendered":"<p>\u00a0 Sportifs grecs les plus m\u00e9daill\u00e9s Nom Total P\u00fdrros D\u00edmas 3 0 1 4 Kostas Tsiklitiras 1 2 1 4 Ioannis Frangoudis 1 1 1 3 Kakhi Kakhiashvili 2 0 0 2 Dimosth\u00e9nis Tamp\u00e1kosGeorgios OrfanidisNikos Kaklamanakis Nikolaos Andriakopoulos 1 1 0 2 Ioannis Mitropoulos Sof\u00eda Bekat\u00f3rou Ilias Iliadis Anna Korakaki Eleftherios Petrounias 1 0 1 &hellip; <a href=\"https:\/\/test1.yoata.com\/index.php\/a-modifier-01\/\" class=\"more-link\">Continuer la lecture de <span class=\"screen-reader-text\">Athl\u00e8tes grecs<\/span><\/a><\/p>\n","protected":false},"author":1,"featured_media":251,"parent":0,"menu_order":0,"comment_status":"closed","ping_status":"closed","template":"","meta":[],"_links":{"self":[{"href":"https:\/\/test1.yoata.com\/index.php\/wp-json\/wp\/v2\/pages\/127"}],"collection":[{"href":"https:\/\/test1.yoata.com\/index.php\/wp-json\/wp\/v2\/pages"}],"about":[{"href":"https:\/\/test1.yoata.com\/index.php\/wp-json\/wp\/v2\/types\/page"}],"author":[{"embeddable":true,"href":"https:\/\/test1.yoata.com\/index.php\/wp-json\/wp\/v2\/users\/1"}],"replies":[{"embeddable":true,"href":"https:\/\/test1.yoata.com\/index.php\/wp-json\/wp\/v2\/comments?post=127"}],"version-history":[{"count":16,"href":"https:\/\/test1.yoata.com\/index.php\/wp-json\/wp\/v2\/pages\/127\/revisions"}],"predecessor-version":[{"id":732,"href":"https:\/\/test1.yoata.com\/index.php\/wp-json\/wp\/v2\/pages\/127\/revisions\/732"}],"wp:featuredmedia":[{"embeddable":true,"href":"https:\/\/test1.yoata.com\/index.php\/wp-json\/wp\/v2\/media\/251"}],"wp:attachment":[{"href":"https:\/\/test1.yoata.com\/index.php\/wp-json\/wp\/v2\/media?parent=127"}],"curies":[{"name":"wp","href":"https:\/\/api.w.org\/{rel}","templated":true}]}}